{"id":5669,"date":"2025-10-16T19:21:10","date_gmt":"2025-10-16T17:21:10","guid":{"rendered":"https:\/\/rallyedescoperes.be\/?page_id=5669"},"modified":"2025-10-16T19:22:08","modified_gmt":"2025-10-16T17:22:08","slug":"poi-13","status":"publish","type":"page","link":"http:\/\/rallyedescoperes.be\/index.php\/poi-13\/","title":{"rendered":"POI 13"},"content":{"rendered":"\t\t<div data-elementor-type=\"wp-page\" data-elementor-id=\"5669\" class=\"elementor elementor-5669\">\n\t\t\t\t\t\t\t\t\t<section class=\"elementor-section elementor-top-section elementor-element elementor-element-48da98c elementor-section-boxed elementor-section-height-default elementor-section-height-default\" data-id=\"48da98c\" data-element_type=\"section\">\n\t\t\t\t\t\t<div class=\"elementor-container elementor-column-gap-default\">\n\t\t\t\t\t<div class=\"elementor-column elementor-col-100 elementor-top-column elementor-element elementor-element-825724f\" data-id=\"825724f\" data-element_type=\"column\">\n\t\t\t<div class=\"elementor-widget-wrap elementor-element-populated\">\n\t\t\t\t\t\t\t\t<div class=\"elementor-element elementor-element-df93032 elementor-widget elementor-widget-text-editor\" data-id=\"df93032\" data-element_type=\"widget\" data-widget_type=\"text-editor.default\">\n\t\t\t\t<div class=\"elementor-widget-container\">\n\t\t\t<style>\/*! elementor - v3.10.1 - 17-01-2023 *\/\n.elementor-widget-text-editor.elementor-drop-cap-view-stacked .elementor-drop-cap{background-color:#818a91;color:#fff}.elementor-widget-text-editor.elementor-drop-cap-view-framed .elementor-drop-cap{color:#818a91;border:3px solid;background-color:transparent}.elementor-widget-text-editor:not(.elementor-drop-cap-view-default) .elementor-drop-cap{margin-top:8px}.elementor-widget-text-editor:not(.elementor-drop-cap-view-default) .elementor-drop-cap-letter{width:1em;height:1em}.elementor-widget-text-editor .elementor-drop-cap{float:left;text-align:center;line-height:1;font-size:50px}.elementor-widget-text-editor .elementor-drop-cap-letter{display:inline-block}<\/style>\t\t\t\t<p class=\"MsoNormal\"><b><span style=\"font-size:28.0pt;line-height:107%;color:#EE0000;mso-no-proof:yes\"><!--[if gte vml 1]><v:shapetype\n id=\"_x0000_t75\" coordsize=\"21600,21600\" o:spt=\"75\" o:preferrelative=\"t\"\n path=\"m@4@5l@4@11@9@11@9@5xe\" filled=\"f\" stroked=\"f\">\n <v:stroke joinstyle=\"miter\"\/>\n <v:formulas>\n  <v:f eqn=\"if lineDrawn pixelLineWidth 0\"\/>\n  <v:f eqn=\"sum @0 1 0\"\/>\n  <v:f eqn=\"sum 0 0 @1\"\/>\n  <v:f eqn=\"prod @2 1 2\"\/>\n  <v:f eqn=\"prod @3 21600 pixelWidth\"\/>\n  <v:f eqn=\"prod @3 21600 pixelHeight\"\/>\n  <v:f eqn=\"sum @0 0 1\"\/>\n  <v:f eqn=\"prod @6 1 2\"\/>\n  <v:f eqn=\"prod @7 21600 pixelWidth\"\/>\n  <v:f eqn=\"sum @8 21600 0\"\/>\n  <v:f eqn=\"prod @7 21600 pixelHeight\"\/>\n  <v:f eqn=\"sum @10 21600 0\"\/>\n <\/v:formulas>\n <v:path o:extrusionok=\"f\" gradientshapeok=\"t\" o:connecttype=\"rect\"\/>\n <o:lock v:ext=\"edit\" aspectratio=\"t\"\/>\n<\/v:shapetype><v:shape id=\"Graphique_x0020_1\" o:spid=\"_x0000_i1025\" type=\"#_x0000_t75\"\n alt=\"Rep\u00e8re avec un remplissage uni\" style='width:33pt;height:33pt;\n visibility:visible' o:gfxdata=\"UEsDBBQABgAIAAAAIQBpb4WjGQEAAIYCAAATAAAAW0NvbnRlbnRfVHlwZXNdLnhtbKRSzU6EMBC+\nm\/gOTa8GynowxgB78OeoHtYHGNsBGqFt2i7uvr0DC4lukMtemnY631+n+fbQtaxHH7Q1Bd+kGWdo\npFXa1AX\/2L0k95yFCEZBaw0W\/IiBb8vrq3x3dBgYoU0oeBOjexAiyAY7CKl1aOimsr6DSEdfCwfy\nC2oUt1l2J6Q1EU1M4sDBy\/wJK9i3kT0fqHxy4kzN2eOpb5AquO4G\/FAXiwiPbTiDgHOtlhApm+iN\nOvOVTJ5SQo49odEu3JDxfxRCv+yJ6iuoge9vkt+2JrU3GoHXCtk7+PgKHeUVstXu04JXQnn4poGE\nebNJ10kXstqq0hKVlfuOXj6dGGfb6\/KRpopiXC9XHmlmXTH+ovIHAAD\/\/wMAUEsDBBQABgAIAAAA\nIQCtMD\/xwQAAADIBAAALAAAAX3JlbHMvLnJlbHOEj80KwjAQhO+C7xD2btN6EJGmvYjgVfQB1mTb\nBtskZOPf25uLoCB4m2XYb2bq9jGN4kaRrXcKqqIEQU57Y12v4HTcLdYgOKEzOHpHCp7E0DbzWX2g\nEVN+4sEGFpniWMGQUthIyXqgCbnwgVx2Oh8nTPmMvQyoL9iTXJblSsZPBjRfTLE3CuLeVCCOz5CT\n\/7N911lNW6+vE7n0I0KaiPe8LCMx9pQU6NGGs8do3ha\/RVXk5iCbWn4tbV4AAAD\/\/wMAUEsDBBQA\nBgAIAAAAIQAoAyifNwIAANAEAAAfAAAAY2xpcGJvYXJkL2RyYXdpbmdzL2RyYXdpbmcxLnhtbKRU\n247TMBB9R+IfLL+3aZqSttGmq15ohbSCahd49zpOYhFfsN3QFeJ\/+A9+jHEubSkIpOUh0dieOXN8\nZsY3t0dRoZoZy5VMcTgcYcQkVRmXRYo\/vN8OZhhZR2RGKiVZip+YxbeLly9uSFIYoktOESBIm5AU\nl87pJAgsLZkgdqg0k3CWKyOIg6UpgsyQL4AsqmA8GsWBIFzixRlqQxxBB8OfAVUp+ollayJrYgGy\nosnlTsexov+PTBJZ74x+0HvjmdO39d4gnqUYlJNEgEQ46A46N1gGV1HFGeCYG+H9VZ6jY4Py5P8N\nBjs6RGFzEs7DEeBTOOrsNkf57g9RtHz91zgg0yYF44KI5tTzkPWe0+u7jUfjcDqbz6O4v+SuKf7n\nA0MhRhmz1KT4nukf3w1DpGYUHSQyTOiKW0sKBkt+0uWUAFLeQd0skmpdElmwpdWMOuhD7wv0vLot\nm0bBU+BjxfWWV5Un7O2uvsDh3z0IQnPKNooeBJOubUTDKuJgAmzJtcXIJEw8MqipeZOFTYNCJe6s\n8+l8TZoW\/TqPN8v1q0k4mK6my8Ek2kSD2Wo6H0TTTRxFq9kk3obffLStiwS+1Zmo3\/qNq+DUKKty\nN6RKBC3NfmKAZhgHDx937cz8wnDciQXMGtF6riCZ18aTts4wR0tv5iDbPYjcCnw66Jx7UW3X3s\/v\nTgDsg7WxbseUQN4AUSF7IyqpQdOWR+\/SXKBNDgDQH7BxNcuNS\/f2+Afjcr34CQAA\/\/8DAFBLAwQK\nAAAAAAAAACEASgMawM4JAADOCQAAGgAAAGNsaXBib2FyZC9tZWRpYS9pbWFnZTEucG5niVBORw0K\nGgoAAAANSUhEUgAAAMAAAADACAYAAABS3GwHAAAAAXNSR0IArs4c6QAAAARnQU1BAACxjwv8YQUA\nAAAJcEhZcwAAHYcAAB2HAY\/l8WUAAAljSURBVHhe7d2PcRNHFMdxkQpIBSEVBCqIqSBQQaCChAoy\nqQCoIKQCTAWICnAqwB2EVEB+P\/tpohjZOt3d7t7t+35mNDoziS3L+97bf7faAAAAAAAAAAAAAAAA\nAAAAAAAAAAAAAAAAAAAAAAAAAGjiXjyjgPebzX09PdDjTG\/0d3p+6H8X\/\/vuYZ9vPr5sNn\/p+eLx\nZrPVMwohAGYUDf6h3tSf9Hymhxv\/rpFPcanHuYLigwLi\/PqfMAcCYKJo9M7wbvRP9JijwR\/jYHin\nYHgTX2MkAmCkaPi\/6g38Wc\/O9K28UjC8VjC4SuBEBMCJ1PDdxXGjf6ZHjWw\/FIEwAgEwkDO+3qzf\ndLm0hn\/TKw0+XsQ1jiAABlDjdx\/\/D1227OqcwrNILxgjHEcA3CGyvhu+B7drdKFAeKxA8NQqDiAA\nbhF9\/be6XEvWv42rgYPgIr7Gnm\/iGXvU+D27o6fVN35zFfvo3ym+xh4qwJ7o8nig22tjeaMB8vO4\nhhAAIRr\/S116lqdnWwWBekQwukAhSeO3s+119w5CBRA1CM\/0ZGj8+6gEkr4CqPFnyfw3uRJ4liu1\n1BVA\/YBnegOc\/dP6stk8VRlIu8M0bQCo8T\/QL\/9Rl0ve1lCFguBR1nWClF2gmPFx5k\/f+E3vRdqu\nUMoA0B\/cc\/2+YQXXHmQdD6TrAin7e2Mb04AHxJYJxUIe6SpAZH8coPcm3YRAqgBQ2vcWB7o+t3sQ\n71EaabpAMfD9pEsGvnfz7lHPCqW4syxTBXBmo\/Eft9sQmEKKChDZ33P+Lbc3+6aUrbLrBz17zt1f\n77KsA9NnBvl1\/qjn1ivTn9VP\/Dauu5YlAFqu+LrR+x7dS3UrBt+Zpdf8RK\/ZR600CQa95ud6vd3f\nUpkiALZX7an64Peq4U9dYdUL951p3q9U+\/WnqALdB0Bk0pqLPB5E\/q6G\/yq+noV+D9+l5kCoJkMV\nyDAI3p3HWYMbvxvNrI3f\/D31vR\/pstoN7go4j0e61n0A6I\/oQ6xq2N18Xmxnpb63T3moGQRrPQ1j\nsK4DwP1nPdWY+dll\/uI7KvUzLvWznsaXpd3Xe9jDwQC36r0CVBk4qkG6z19tT71+lgfYtYKg6yrQ\ndQBU6sNu1SBn7\/MfEwFXPOgqdiGb6L0CFB8AO\/vHZXX62TXOAKULtEbRdy39xzt3dySuq9PP9kpy\n6WnKrscBPVeA4n80ZeA\/47IZvYbXcVlSzankqnoOgNJ\/tKu9PdeX7agKeOap9M5NKsDaaPDmD6Ur\nyYPfaotSRxQdDPe8INZzBSi69Vldj3dx2Zxei3eYYgQCYLylZH8r\/Vq6vY+i5wAobUnn6JR+LQTA\nCnX7R2uAAFihNF2gBQ3GV6fnACjdKBYzNVhhoarbACMAxltStyBNtZtbzwFQenFoSaujNRb9utRz\nABR1b7P5IS6bq\/BaCIC1+bLZ\/BOXpSxpn3zp10IArFDxuXENPmuf1PAVvQZ3f4oOgnteae45AIpv\nVFPX45e4bEavocYNK0ta9JuV3r9+KQL+1lPRGRJlx2afruLsrz+gnor+jl2fD9T7ILh4w1QDbHak\nuH62zwkqPQXa9SG5BMB0D5WCqx9fqJ9Z66j35vc8lNR1AKh7UuWOLVcBNchqA+Lo+lQ5wbn3rdZd\nB0Clu6WuqEG+dcOML4vRz\/CnW\/qoxxor0Z7+pAKsXK3zeny0+fuSQRCZX0\/V9iEt6a63IroPgMol\n\/OpzCNRCZ\/+YIX\/Pyo2\/WheyJb2n\/VMN90cj1d696dPbfFzipC6YWrw\/1dLrDbVXnn3c4\/dUgA40\nymRuuJ8UfKMGyP5\/9P++1Pdwf7\/6tgu9Z697b\/yWogKoMblr4kWxltyY3qhhuUvma39izKVfm653\nDw9wfQKDA6blblNn\/xQflJciAMyZWE+tP3trLc4VgbUO320qRRfIlNFqnKPZBXd\/4rJ7aQIg+rPd\nf+jbDJqed1pbmgCwTJltLL1H3U997kszBthRavPnBbccYC7Zhfr+\/gimNFJVAKMK3C7je5OuApiq\nQIuFsaXzZ4956rP7uf996SqA6Q\/d7FNdlsp9\/2yN31IGgHiDXPeLPCdww6\/+OWdLkDIAItPV2iW6\neO77Z8z+lrUC0A36v7TrI2kDIDIeC2PXC19pu4NpA8CoAtfdn7hMKXUARObLPBZIte3hkNQBYJmr\ngH73VNseDkm5EHZT0oWxdNseDklfASxjFSD7X6MChGRVIMX9vkNQAUKmKqDfNe3C100EwH+yzAax\n\/rGHAAiRETPsh0m98HUTAbAnQzfI3Z+4hBAAe6IK9Nw9cPbv9sMuxiAAbui5CpD9v0YA3BD94x4H\nxD7oNvW2h0MIgAN6zJRk\/8MIgAMiU\/Y0U+Lfhex\/AAFwi57GAvpdUt7vOwRbIe7QyfYItj3cgQpw\nB2fOuFwt9\/1p\/LcjAO629pXh3tc1JiMA7hCZc81BwLaHIwiAI9Y8GHb3Jy5xCwLgiKgCa+xGsO1h\nAAJggDVWAbL\/MEyDDrRd17Hq3O87EBVgoDVVAbL\/cATAQOpPr+VA3V438xVBAJxgDVVAr5FtDycg\nAE6z9Cqw9nWL6giAEzizOsPGl4vjvj\/Z\/zQEwOmWmmHXul7RFAFwosiwiwuCyP5sezgRATDCAgfD\nZP+RCIARFlgF2PQ2EgEw0pKqgLs\/cYkTEQAjRRVYQreDTW8TEAATKPO+iMtmyP7TEAATLKAKOPtz\n2sMEBMBELccCZP\/pCICJYvalxeYzsv8MCIAZtKgCZP95cEPMTCrfMLM9uyo+mIoKMBNl5OdxWRzZ\nfz5UgBlVqgLc7jgjKsCMaowFyP7zIgBmpE556RtmWs04dYsAmFnJKuDsryDz4htmwhigAI0FSpwq\nfakAeEQAzIsKUECJKqDvyc3uBVABCpm5CnDGfyFUgELmrAL6XvT9CyEAyplrRsgNn6NOCiEACnHG\ndr89vhyN7F8WAVDW1Mzths\/N7gURAAVF5p4SBG\/0PbjZvSACoLAJg+FFn0LXCwKgsKgCY7oxW\/2\/\n3OxeGAFQgTL5yTfPT6gcOAEBUMGIKsBRJ5UQAJWcktH137LluRICoJKYzRlSBbjZvSICoKIhVYDs\nXxcBUFFUgbtuaPHMD9m\/IgKgMmV43zx\/aHHL8\/7VbqzHNQKgMmV4N3Q9Xa0Qe3bIj3P\/W1QIAAAA\nAAAAAAAAAAAAAAAAAAAAAAAAAAAAAAAAAAAAAOjcZvMv99cuKIBULc0AAAAASUVORK5CYIJQSwME\nCgAAAAAAAAAhAG+STnHNAQAAzQEAABoAAABjbGlwYm9hcmQvbWVkaWEvaW1hZ2UyLnN2Zzxzdmcg\ndmlld0JveD0iMCAwIDk2IDk2IiB4bWxucz0iaHR0cDovL3d3dy53My5vcmcvMjAwMC9zdmciIHht\nbG5zOnhsaW5rPSJodHRwOi8vd3d3LnczLm9yZy8xOTk5L3hsaW5rIiBpZD0iSWNvbnNfTWFya2Vy\nIiBvdmVyZmxvdz0iaGlkZGVuIj48Zz48cGF0aCBkPSJNNDggNDRDNDMgNDQgMzkgNDAgMzkgMzUg\nMzkgMzAgNDMgMjYgNDggMjYgNTMgMjYgNTcgMzAgNTcgMzUgNTcgNDAgNTMgNDQgNDggNDRaTTQ4\nIDE0QzQxLjEgMTQgMzQuNiAxNy40IDMwLjcgMjMuMiAyNi44IDI4LjkgMjYgMzYuMiAyOC41IDQy\nLjdMMzggNjMuNyA0Ni4yIDgwLjlDNDYuNSA4MS42IDQ3LjIgODIgNDggODIgNDguOCA4MiA0OS41\nIDgxLjYgNDkuOCA4MC45TDU4IDYzLjcgNjcuNSA0Mi43QzcwIDM2LjIgNjkuMiAyOC45IDY1LjMg\nMjMuMiA2MS40IDE3LjQgNTQuOSAxNCA0OCAxNFoiIGZpbGw9IiNDMDAwMDAiLz48L2c+PC9zdmc+\nUEsDBBQABgAIAAAAIQBQP6LLGgcAAE0gAAAaAAAAY2xpcGJvYXJkL3RoZW1lL3RoZW1lMS54bWzs\nWktvGzcQvhfofyD23liSJdkyIgeWLcdN\/EKkpMiRkqhdxtzlgqTs6FYkp14KFEiLXgr01kNRNEAD\nNOilP8ZAgjb9ER1yHyIlKn4gQIPCNmDszn4zHM7MzswOffvO05ihUyIk5Uk7qN6qBIgkQz6iSdgO\nHvZ3P1sPkFQ4GWHGE9IOpkQGdzY\/\/eQ23hgymg44FqN+RGKCQFAiN3A7iJRKN1ZW5BDIWN7iKUng\n2ZiLGCu4FeHKSOAzWCBmK7VKpbkSY5oEmyBRaUFdBn8SJTVhyERPiyEowTGsfjQe0yEx2NFJVSPk\nVG4zgU4xawcgc8TP+uSpChDDUsGDdlAxP8HK5u0VvJEzMbWE1+LbNT85X84wOqmZNUU4KBetdGvr\n9Wop3wCYWsR11\/VvKc8A8HAIO810sWVWG83Kei3HWqDs0iO7tVZddfGW\/NUFnautZqdWd+QbUCa\/\nvoCv7La6Ow0Hb0AZvrGA36rUOq1VB29AGb65gK93t9ZqXQdvQBGjyckiurm2vt7M0SVkzNmeF95q\nNitrOzl8hoJoKKNLLzHmiVoWazF+wsUuADSQYUUTpKYpGeMhxORWqrhEO1SmDE8DlOKESyBXatUq\nhF69Uit\/jcXxBsEWt9YLNJELJK0PkkNBU9UO7oHUwIK8ef36\/Nmr82e\/nz9\/fv7sV7RPw0hlohy+\nPZyENt+7n77554cv0d+\/\/fjuxbd+vLTxb3\/56u0ff75PPLxqM1O8+e7l21cv33z\/9V8\/v\/BI3xJ4\nYMP7NCYSHZIz9IDHsEFjCld\/MhBX4+hHmNocW0kocYL1Kh75XRU56MMpZtiD6xDXjo8EpBof8O7k\niaNwLxITRT0S70exAzzgnHW48Frhvl7LMnN\/koT+xcXExj3A+NS39jZOHC93JynkWOoTuR0RR81j\nhhOFQ5IQhfQzfkKIZ3ePKXXsekCHgks+VugxRR1MvSbp04ETTTOmPRqDX6Y+BcHfjm0OHqEOZ75d\n75BTFwnvBmYe5fuEOWa8iycKxz6RfRwz2+D7WEU+JXtTMbRxXanA0yFhHHVHREofz5GA\/VpOv48h\nu3ndfsCmsYsUip74ZO5jzm3kDj\/ZjnCc+rA9mkQ29nN5AiGK0TFXPvgBd98QfQ9+wMlSdz+ixHH3\nxdngIWQ5W6VZgOgnE+Hx5V3CnfjtTdkYE1+q2RKxk2K3BPVGR2cSOqG9TwjDZ3hECHr4uUeDDk8d\nm8+UvhdBVtkjvsC6h91Y1fcJkQSZ5mYxT+5T6YRsj4R8iT4H07nEM8VJjMUyyYfgddvm3YGAl9Gz\nzyM2PLGBhxT6PYgXr1GOJMiwgnup1OMIOwVM30t\/vE6F47\/LvGPwXj5x1LjEewk85Mo8kNhtnvfa\npo+Zs8AsYPqYon1fugUWx\/0zFl1cDdvEyzd2X9qZG6A7cpqemCYXdED\/TefjCcQP0\/P4BTsJ64rd\nzrKEsjfX4yzDzXc221yM6Mff2OzgSXJMoJYsZq2bvuamrwn+933Nsvf5pptZ1nPcdDMBdBk33Uw+\nYPkw3cysgYHeRg8ZsmGPGf3ESyc\/Y8pYT00Z2Zdm+CPhm2a0C0TNZyacpJwEphFc6jIHCzi4UGDD\ngwRXX1AV9SKcwoSoGmghocxFhxKlXMLgyJC9sjWeTeIDPsoGnmbCVMkqq8RqRq80YPSU0WFYpTJ0\ncy0nav3MVBX0NdqGZthaKKB5r6KEtZirxKpHibWCeIESenb2YbRoebRY1+ILVy2YAlQrvQIf3Qg+\n1dtBo64VgvG4HEKDPtJ+ylxdeNc480N6epkxnQiA4WK2E5iel55uaV2Xbk\/vLgu1S3jaUcI4JQsr\nVwljGdPgyQg+hfPo1NTLqHFVX7dmLnXU06Yw60F8z9RYW3+fFtf1NfDN5waW2JmCJeisHTRXGxAy\nQ5y2gzEMjuEyTiF2pP7uwiyEI5ehEtkLf53MkgqpdrCMMoObpJO5J6aKCMRo3A709ks3sMTkEKNb\ntQYJ4aNVrgVp5WNTDpzuOpmMx2SobLdbFG3p7BYyfJYrvE8N+\/XBmpNPwN29aHSGBmwiHmAIscZa\nVRtwRCWcH1Qza44oHIiViWwWf3OFKU\/+9omUiaGMjlka4byi2Mk8g5t6Uqpj7kobWHf5nsGglkny\nQjgIdYG1jepU07J0ZTosrboXM2nLWUlzVjOdrKKrpj+LOSsUZWDOltcr8pZWhYkhp9kVPkvd8ym3\nVeS6uT6hrBJg8NJ+1yv9lmqzxRzVtMaLaVjn7Jzq1o5igxeodpkiYWX9ZiF2zm5ljfAuB8RrVX7g\nm49aII2LvtJY2ne4fYBTNAir7QAOmGFA+BSu4Ig6AFpN02qaBldw7gzlIjssbgf5RUGB5xmlxKwW\nlNUCUy8o9YLSKCiNgtIsKM0AmVNVOMnXB6oBKg5NoYblh6x5b+H+B8DmvwAAAP\/\/AwBQSwMEFAAG\nAAgAAAAhAAJJBlPcAAAAMgIAACoAAABjbGlwYm9hcmQvZHJhd2luZ3MvX3JlbHMvZHJhd2luZzEu\neG1sLnJlbHO8kc1qwzAMgO+DvYPRfVaSwRijTi+j0OvoHkDYimMW\/2C7ZX37mfayQMcuYxeBJPTp\nQ9psP\/0iTpyLi0FBLzsQHHQ0LlgF74fdwzOIUikYWmJgBWcusB3v7zZvvFBtQ2V2qYhGCUXBXGt6\nQSx6Zk9FxsShdaaYPdWWZouJ9AdZxqHrnjB\/Z8C4Yoq9UZD35hHE4Zza5t\/ZcZqc5teoj55DvbEC\na\/PiBqRsuSqQ8lq5xl42V8DbGsNfajjfTrDS8Gwc4aU+yHKyP2n0\/6bRyxQuGrj69PgFAAD\/\/wMA\nUEsBAi0AFAAGAAgAAAAhAGlvhaMZAQAAhgIAABMAAAAAAAAAAAAAAAAAAAAAAFtDb250ZW50X1R5\ncGVzXS54bWxQSwECLQAUAAYACAAAACEArTA\/8cEAAAAyAQAACwAAAAAAAAAAAAAAAABKAQAAX3Jl\nbHMvLnJlbHNQSwECLQAUAAYACAAAACEAKAMonzcCAADQBAAAHwAAAAAAAAAAAAAAAAA0AgAAY2xp\ncGJvYXJkL2RyYXdpbmdzL2RyYXdpbmcxLnhtbFBLAQItAAoAAAAAAAAAIQBKAxrAzgkAAM4JAAAa\nAAAAAAAAAAAAAAAAAKgEAABjbGlwYm9hcmQvbWVkaWEvaW1hZ2UxLnBuZ1BLAQItAAoAAAAAAAAA\nIQBvkk5xzQEAAM0BAAAaAAAAAAAAAAAAAAAAAK4OAABjbGlwYm9hcmQvbWVkaWEvaW1hZ2UyLnN2\nZ1BLAQItABQABgAIAAAAIQBQP6LLGgcAAE0gAAAaAAAAAAAAAAAAAAAAALMQAABjbGlwYm9hcmQv\ndGhlbWUvdGhlbWUxLnhtbFBLAQItABQABgAIAAAAIQACSQZT3AAAADICAAAqAAAAAAAAAAAAAAAA\nAAUYAABjbGlwYm9hcmQvZHJhd2luZ3MvX3JlbHMvZHJhd2luZzEueG1sLnJlbHNQSwUGAAAAAAcA\nBwD3AQAAKRkAAAAA\n\">\n <v:imagedata src=\"file:\/\/\/C:\/Users\/multi\/AppData\/Local\/Temp\/msohtmlclip1\/01\/clip_image001.png\"\n  o:title=\"\" croptop=\"-9914f\" cropbottom=\"-9528f\" cropleft=\"-30874f\"\n  cropright=\"-28601f\"\/>\n<\/v:shape><![endif]--><!--[if !vml]--><img loading=\"lazy\" width=\"44\" height=\"44\" src=\"data:image\/png;base64,iVBORw0KGgoAAAANSUhEUgAAAFgAAABYCAYAAABxlTA0AAAAAXNSR0ICQMB9xQAAAAlwSFlzAAAdhwAAHYcBj+XxZQAAABl0RVh0U29mdHdhcmUATWljcm9zb2Z0IE9mZmljZX\/tNXEAAAgNSURBVHja7ZxbbBRVGMeP9Q5iVZAQL1SCihVDlHiPES9ERTQoEW0KCTyIF9QobyaKUB9Urg9CjIohYBSIdy0G07Xtzs5eu1soCkZURCgh5aJA2lDZ3vx\/nG+zS+Myp9Pd2dnZ8\/DPzG53Znp+880557ucETU1NUIrf9IQNGANWEsD1oA1YC0NWAPWgLU0YA1Yq3gA+4QoDwoxGhrbKMQEvxC3QrfwfiX+XoG\/jfxMiPM1YAX1CVGWACyAuwwQbwsI8Ry2KwFznSHEj9AO7LfQPrZfNwjxHrYL8LsqHHMljh0G2GUa8P9b6zDAvAuwXgG0DdAWgGzFd0ex3wF1w1r7TIj2oX\/98m8H8N2f+G0TtAyf79wsxLkacIYAZQJAvoZtnSFhdccBkhSBwhDBDbBoP8TfR6FmaIsEfwSf63GupQS65AHDaocCxiTAWA2obWEGylY6YBH4rRDdIOhbnLu6VohRJQkYDb8YAGZBmwCjIyzBnJTfplLHZ3QlrbD4BbiRl5cUYAxEZ6Lx1dAOAEimHn9\/jpSCzDqGcy\/HADiiZAADwgNQY5C7hFzCzZTJ\/TjOfwifa2iW4XnANFOAvkPjk+YguwRVa26CcM19+Pw8IF\/oWcBBOb9dC7CdIRtwU7MIw4YlB+X+dlz\/fkzjzvIcYHIgaFBDI\/+IK0IyGE6IZTLg1BQtNIDuhQfRJDkn+D+u9hxgNHIMOxAnIopwA6fOCMi52I\/v92DbaWbMjQ1F62cr\/hua7SnAbL1VaNi+sAIQg63TL2cAPmwX4\/insZ2Oz9OwnUlutF+6yq2JNDzLeXKT3P8QU7fRngEMONfh0VyDhvVGFCwtLPd3Qytw7GTAuCSLo1KB37wEaw7guN6w4rlxzij0mBDiDK8AnooG\/uS38NJMFix4P45ZqOog4Lf34PgArD4ZUujTAfogPr\/uJQueg8b9YzUtYwvswO+XQWNVz79TiLNx3KM497a4QvcThbVju46OK3rA6B+HoGFvwrJ6gtbWewL7DRT3tRHXuADd0Lu4ztHT3UiDg0O4gX7o+nx3E05Y73g0amPEYiCKyu0B\/HYRBdptzlQeh+JWA2lcAqY58RP5Dm06AXgyzQRCFv1vIu0IPGK30RR0xzk+jlnMj6PyBuzCtV7Mt\/vsBOBJaOxmK8Acz43QjGOQ11sat7gWA96N3863+7S4BjD1p2jINyqAGyXgcYO5HvrhJVaAY3L7O671LPXdxW7BN6MxXyl2Eduge+3GCnCO4bje6iY1wL9Bc3cJMbTYLXgi9KUVYPawdqE7mQOrGmL3ZsKCv4+qXeuXeiFmJfKckc47YPK20PCPrGYRPPIfhlbW2shAUBAf15mH43eGFKZp2CbqB\/G0uAYwZy8WRNLxhdPFH3op2kZurA3rHYdzbArLfNxpr9Ms9+tw88d4wpNDY57Bo388aDE\/ZcvrIVAANnEAfe8ocmagg1G1CF0S++8D8HmeAIxGTQWwn9GoXlMtVnAcnz+Hplg9wvjNTdBy6C\/DYv4b4PNTdgP78z0Ti6BYMBq\/lKwzqpiwZFgmOQP4\/g7yCGFxV+Bvl1KcgsuoZmBQ+4TiFyrBdzPtMQYoL+ipgDt5dGhUW0wGWpQC5Nxnd+D3Braf4hxvY\/sqtqvwXT3Fl7HfpZrbM+Vg2kXHO5XKdzSjAWjrDbY21UKSUDqbcZxLpSgj0Q5I3WaGtavA5adiO2YPM\/ocqmFzDDANKGjoU3ikdyds1DikyqSinOofaC0Fh0J7yRHxeTEnRwKUCnq0mxxI1\/e\/SQyYAu3VTsweCgKYGmbIfvRYyEHAfK0uqBa61sk2OwqYanfR\/92HRhoxkb+KniyucSsVnvi8XHjCVkwZjiUYdHoDwpnKnnA6g3FDnwOJzoIC5hnFFChmKqbbc9A9HMbgujjfoUnXAEZDR1BqyLDIAufCejkJalBNHMVFSgIwu8\/TDBmezFtfzHGHTsB9x8l6NFcARsPHA8J6WmsRzgPcjBoLA6AfLFQ7CwaYAt1UCgUdas4D4FRxIPe95SUHmK2YssAN8M5O5LrCna23jWriCtnGggKmpVsA8gK0J55DwJF0\/GIDdUUlC5ghU0rph0QO58Sc1CTrnZ0o8CrQggOmiT9ALMIjfSgXSwo4CNRJK0Fx864pdPsKDphjxSezwYNZI9fPLd5LgXo3rGF2BWCao8LqaiI58Oxi8imoowyIG9YtuwIwW3EV1GradDyM9M05Ai3sc8micNcA5lcWrAKcZMSm18bH+XCeu93SLtcA5m6CKuH3Rewv8epCX\/6WL8\/lUEUJOOV4UOU5QHVEBugWG1zzS96hm9rkKsCU8QCkh6BfEwN3LHpgvSucqNYpWsAM+SJK0aeW2qp0DWGZzKSp2cNua4\/rAJPjAXBP4pHfGlPoi8MS8jHsf4B+\/CoNWM2KRwLYGpVqHV6Wu5MKWwD4HA1YUYA3j2vIskLmwpR2AF4bzLJYUQPO7njcCG0MZ\/HuMl5T0AJNd2LNm6cAU\/4MljsP6g5lr13rodcj+Ar8Xp6iBMxWfDu9GSX12pn+Zah+ab0zhcOpeM8Axly4nBaqAGJ7QnYHmSHJPierJD0JmAe7SupnY7LyPdN625x874NnAcNCh1MNBSVHm9hr42UGX9BAqAEPfrAr44p2oyW9no4ci7lOVkl6FnDGgPcyrHdvUK5EqgXcymL4v4sGML3mtl4OeG+w1+aaF4B6AnCxSkPQgDVgLQ1YA9aAtTRgDVgD1tKANWCtU\/Qf9Bo9reaN7vgAAAAASUVORK5CYII=\" alt=\"Rep\u00e8re avec un remplissage uni\" v:shapes=\"Graphique_x0020_1\"><!--[endif]--><\/span><\/b><b><span style=\"font-size:28.0pt;line-height:107%;color:#EE0000\">13<o:p><\/o:p><\/span><\/b><\/p><div style=\"mso-element:para-border-div;border:solid windowtext 1.0pt;\nmso-border-alt:solid windowtext .5pt;padding:1.0pt 4.0pt 1.0pt 4.0pt\">\n\n<p class=\"MsoNormal\" style=\"border:none;mso-border-alt:solid windowtext .5pt;\npadding:0cm;mso-padding-alt:1.0pt 4.0pt 1.0pt 4.0pt;mso-border-between:.5pt solid windowtext;\nmso-padding-between:1.0pt\">Le Rotary<o:p><\/o:p><\/p>\n\n<\/div><p class=\"MsoNormal\">Nous esp\u00e9rons que cette promenade vous a plu. Elle est\norganis\u00e9e par le Rotary club de Dinant. Pour faire court, notre projet est de\nnous rendre le plus utile possible l\u00e0 o\u00f9 nous vivons. <o:p><\/o:p><\/p><p class=\"MsoNormal\">\u00catre utiles, c\u2019est retrousser nos manches dans des actions\nconcr\u00e8tes (plantations d\u2019arbres, am\u00e9nagement d\u2019un appartement encadr\u00e9, r\u00e9colte\nde jouets&#8230;), assurer une pr\u00e9sence aupr\u00e8s de celles et ceux qui en ont besoin\n(Ecole des devoirs, service d\u2019aide \u00e0 la jeunesse&#8230;), organiser des actions de\nr\u00e9colte de fonds (concerts, marche ADEPS&#8230;) ou encore, comme aujourd\u2019hui,\npartager le plaisir de la d\u00e9couverte de notre si belle r\u00e9gion.<o:p><\/o:p><\/p><p class=\"MsoNormal\">Envie d\u2019en savoir un peu plus&nbsp;? Rendez-vous sur Polaris\n(<a href=\"https:\/\/dinant.rotary2160.org\/fr\/\">https:\/\/dinant.rotary2160.org\/fr\/<\/a>)\nou appelez-nous (0475\/913 954).&nbsp; Ou plus\nsimplement encore&nbsp;: repassez boire un verre ou manger un bout&nbsp;: on\nest l\u00e0 pour vous servir et pour \u00e9changer&nbsp;!<o:p><\/o:p><\/p><p class=\"MsoNormal\">Merci de votre pr\u00e9sence tout au long de cette journ\u00e9e.<o:p><\/o:p><\/p><p>\n\n\n\n\n\n\n\n\n\n\n\n<\/p><p class=\"MsoNormal\" align=\"right\" style=\"text-align:right\">Isabelle Jacquemin,\nPr\u00e9sidente.<o:p><\/o:p><\/p>\t\t\t\t\t\t<\/div>\n\t\t\t\t<\/div>\n\t\t\t\t\t<\/div>\n\t\t<\/div>\n\t\t\t\t\t\t\t<\/div>\n\t\t<\/section>\n\t\t\t\t\t\t\t<\/div>\n\t\t","protected":false},"excerpt":{"rendered":"<p>13 Le Rotary Nous esp\u00e9rons que cette promenade vous a plu. Elle est organis\u00e9e par le Rotary club de Dinant. Pour faire court, notre projet est de nous rendre le plus utile possible l\u00e0 o\u00f9 nous vivons. \u00catre utiles, c\u2019est retrousser nos manches dans des actions concr\u00e8tes (plantations d\u2019arbres, am\u00e9nagement d\u2019un appartement encadr\u00e9, r\u00e9colte de<a class=\"moretag\" href=\"http:\/\/rallyedescoperes.be\/index.php\/poi-13\/\"><span class=\"screen-reader-text\">En savoir plus surPOI 13<\/span>[&#8230;]<\/a><\/p>\n","protected":false},"author":4,"featured_media":0,"parent":0,"menu_order":0,"comment_status":"closed","ping_status":"closed","template":"","meta":{"ngg_post_thumbnail":0},"_links":{"self":[{"href":"http:\/\/rallyedescoperes.be\/index.php\/wp-json\/wp\/v2\/pages\/5669"}],"collection":[{"href":"http:\/\/rallyedescoperes.be\/index.php\/wp-json\/wp\/v2\/pages"}],"about":[{"href":"http:\/\/rallyedescoperes.be\/index.php\/wp-json\/wp\/v2\/types\/page"}],"author":[{"embeddable":true,"href":"http:\/\/rallyedescoperes.be\/index.php\/wp-json\/wp\/v2\/users\/4"}],"replies":[{"embeddable":true,"href":"http:\/\/rallyedescoperes.be\/index.php\/wp-json\/wp\/v2\/comments?post=5669"}],"version-history":[{"count":4,"href":"http:\/\/rallyedescoperes.be\/index.php\/wp-json\/wp\/v2\/pages\/5669\/revisions"}],"predecessor-version":[{"id":5673,"href":"http:\/\/rallyedescoperes.be\/index.php\/wp-json\/wp\/v2\/pages\/5669\/revisions\/5673"}],"wp:attachment":[{"href":"http:\/\/rallyedescoperes.be\/index.php\/wp-json\/wp\/v2\/media?parent=5669"}],"curies":[{"name":"wp","href":"https:\/\/api.w.org\/{rel}","templated":true}]}}