{"id":192,"date":"2019-02-11T17:37:59","date_gmt":"2019-02-11T16:37:59","guid":{"rendered":"http:\/\/rallyedescoperes.be\/?page_id=192"},"modified":"2026-03-28T10:05:03","modified_gmt":"2026-03-28T09:05:03","slug":"beneficiaires","status":"publish","type":"page","link":"https:\/\/rallyedescoperes.be\/index.php\/beneficiaires\/","title":{"rendered":"Les b\u00e9n\u00e9ficiaires"},"content":{"rendered":"\t\t<div data-elementor-type=\"wp-page\" data-elementor-id=\"192\" class=\"elementor elementor-192\">\n\t\t\t\t\t\t\t\t\t<section class=\"elementor-section elementor-top-section elementor-element elementor-element-3cc229d elementor-section-boxed elementor-section-height-default elementor-section-height-default\" data-id=\"3cc229d\" data-element_type=\"section\">\n\t\t\t\t\t\t<div class=\"elementor-container elementor-column-gap-default\">\n\t\t\t\t\t<div class=\"elementor-column elementor-col-100 elementor-top-column elementor-element elementor-element-e88691b\" data-id=\"e88691b\" data-element_type=\"column\">\n\t\t\t<div class=\"elementor-widget-wrap elementor-element-populated\">\n\t\t\t\t\t\t\t\t<div class=\"elementor-element elementor-element-154578d elementor-widget elementor-widget-text-editor\" data-id=\"154578d\" data-element_type=\"widget\" data-widget_type=\"text-editor.default\">\n\t\t\t\t<div class=\"elementor-widget-container\">\n\t\t\t<style>\/*! elementor - v3.10.1 - 17-01-2023 *\/\n.elementor-widget-text-editor.elementor-drop-cap-view-stacked .elementor-drop-cap{background-color:#818a91;color:#fff}.elementor-widget-text-editor.elementor-drop-cap-view-framed .elementor-drop-cap{color:#818a91;border:3px solid;background-color:transparent}.elementor-widget-text-editor:not(.elementor-drop-cap-view-default) .elementor-drop-cap{margin-top:8px}.elementor-widget-text-editor:not(.elementor-drop-cap-view-default) .elementor-drop-cap-letter{width:1em;height:1em}.elementor-widget-text-editor .elementor-drop-cap{float:left;text-align:center;line-height:1;font-size:50px}.elementor-widget-text-editor .elementor-drop-cap-letter{display:inline-block}<\/style>\t\t\t\t<h1 style=\"text-align: center;\"><b>Les profits g\u00e9n\u00e9r\u00e9s par le rallye des Cop\u00e8res sont attribu\u00e9s aux Asbl d&#8217;aide \u00e0 la jeunesse au travers de notre action STARTER KITS, \u00e0 la Fondation Rotary, \u00e0 des soutiens locaux ou internationaux.<\/b><\/h1><p style=\"text-align: center;\"><span style=\"font-weight: 600;\">\u00a0<\/span><\/p>\t\t\t\t\t\t<\/div>\n\t\t\t\t<\/div>\n\t\t\t\t\t<\/div>\n\t\t<\/div>\n\t\t\t\t\t\t\t<\/div>\n\t\t<\/section>\n\t\t\t\t<section class=\"elementor-section elementor-top-section elementor-element elementor-element-686e207 elementor-section-boxed elementor-section-height-default elementor-section-height-default\" data-id=\"686e207\" data-element_type=\"section\">\n\t\t\t\t\t\t<div class=\"elementor-container elementor-column-gap-default\">\n\t\t\t\t\t<div class=\"elementor-column elementor-col-33 elementor-top-column elementor-element elementor-element-2511bec\" data-id=\"2511bec\" data-element_type=\"column\">\n\t\t\t<div class=\"elementor-widget-wrap elementor-element-populated\">\n\t\t\t\t\t\t\t\t<div class=\"elementor-element elementor-element-43c4a84 elementor-widget elementor-widget-image\" data-id=\"43c4a84\" data-element_type=\"widget\" data-widget_type=\"image.default\">\n\t\t\t\t<div class=\"elementor-widget-container\">\n\t\t\t<style>\/*! elementor - v3.10.1 - 17-01-2023 *\/\n.elementor-widget-image{text-align:center}.elementor-widget-image a{display:inline-block}.elementor-widget-image a img[src$=\".svg\"]{width:48px}.elementor-widget-image img{vertical-align:middle;display:inline-block}<\/style>\t\t\t\t\t\t\t\t\t\t\t\t<img width=\"324\" height=\"720\" src=\"https:\/\/rallyedescoperes.be\/wp-content\/uploads\/2023\/03\/starterkit01.jpg\" class=\"attachment-full size-full wp-image-3409\" alt=\"\" loading=\"lazy\" srcset=\"https:\/\/rallyedescoperes.be\/wp-content\/uploads\/2023\/03\/starterkit01.jpg 324w, https:\/\/rallyedescoperes.be\/wp-content\/uploads\/2023\/03\/starterkit01-135x300.jpg 135w\" sizes=\"(max-width: 324px) 100vw, 324px\" \/>\t\t\t\t\t\t\t\t\t\t\t\t\t\t\t<\/div>\n\t\t\t\t<\/div>\n\t\t\t\t\t<\/div>\n\t\t<\/div>\n\t\t\t\t<div class=\"elementor-column elementor-col-66 elementor-top-column elementor-element elementor-element-b415a1c\" data-id=\"b415a1c\" data-element_type=\"column\">\n\t\t\t<div class=\"elementor-widget-wrap elementor-element-populated\">\n\t\t\t\t\t\t\t\t<div class=\"elementor-element elementor-element-30642a4 elementor-widget elementor-widget-text-editor\" data-id=\"30642a4\" data-element_type=\"widget\" data-widget_type=\"text-editor.default\">\n\t\t\t\t<div class=\"elementor-widget-container\">\n\t\t\t\t\t\t\t<div><h3 style=\"font-weight: 700 !important;\">un KIT pour les KIDS<\/h3><p><a href=\"https:\/\/dinant.rotary2160.org\/fr\/file\/61bf10f061882\/download\" target=\"_blank\" rel=\"noopener\">\u00a0Un KIT de d\u00e9marrage dans la vie pour les jeunes !\u00a0\u00a0<\/a><\/p><p>Le starter kit est un ensemble d\u2019ustensiles m\u00e9nagers d\u2019occasion de premi\u00e8re n\u00e9cessit\u00e9 destin\u00e9s \u00e0 remplir un KOT ou habitation de petite taille. (Vaisselle, casseroles, couverts, n\u00e9cessaire de nettoyage, literie, etc\u2026).<\/p><p>Ce kit est offert \u00e0 un jeune issu d\u2019institutions d\u2019aide \u00e0 la jeunesse qui ne dispose d\u2019aucune autre aide pour se lancer dans la vie d\u2019adulte. Le jeune adulte a \u00e9galement la possibilit\u00e9 de participer activement \u00e0 la constitution de ce kit. Cela lui rendra l\u2019entr\u00e9e dans la vie d\u2019adulte un peu plus facile en \u00e9liminant une premi\u00e8re source de soucis et en lui permettant de ne pas consacrer sa petite \u00e9pargne de d\u00e9part \u00e0 ces achats.<\/p><\/div><p><a href=\"https:\/\/dinant.rotary2160.org\/fr\/content\/projects\/show\/1190\" target=\"_blank\" rel=\"noopener\">Pour plus d&#8217;informations cliquez ici<\/a><\/p><div>\u00a0<\/div>\t\t\t\t\t\t<\/div>\n\t\t\t\t<\/div>\n\t\t\t\t\t<\/div>\n\t\t<\/div>\n\t\t\t\t\t\t\t<\/div>\n\t\t<\/section>\n\t\t\t\t<section class=\"elementor-section elementor-top-section elementor-element elementor-element-3833fb5 elementor-section-boxed elementor-section-height-default elementor-section-height-default\" data-id=\"3833fb5\" data-element_type=\"section\">\n\t\t\t\t\t\t<div class=\"elementor-container elementor-column-gap-default\">\n\t\t\t\t\t\t\t\t<\/div>\n\t\t<\/section>\n\t\t\t\t<section class=\"elementor-section elementor-top-section elementor-element elementor-element-be1a6f0 elementor-section-boxed elementor-section-height-default elementor-section-height-default\" data-id=\"be1a6f0\" data-element_type=\"section\">\n\t\t\t\t\t\t<div class=\"elementor-container elementor-column-gap-default\">\n\t\t\t\t\t\t\t\t<\/div>\n\t\t<\/section>\n\t\t\t\t<section class=\"elementor-section elementor-top-section elementor-element elementor-element-aedc6c2 elementor-section-boxed elementor-section-height-default elementor-section-height-default\" data-id=\"aedc6c2\" data-element_type=\"section\">\n\t\t\t\t\t\t<div class=\"elementor-container elementor-column-gap-default\">\n\t\t\t\t\t\t\t\t<\/div>\n\t\t<\/section>\n\t\t\t\t<section class=\"elementor-section elementor-top-section elementor-element elementor-element-0606b7d elementor-section-boxed elementor-section-height-default elementor-section-height-default\" data-id=\"0606b7d\" data-element_type=\"section\">\n\t\t\t\t\t\t<div class=\"elementor-container elementor-column-gap-default\">\n\t\t\t\t\t\t\t\t<\/div>\n\t\t<\/section>\n\t\t\t\t<section class=\"elementor-section elementor-top-section elementor-element elementor-element-4b4e9ac elementor-section-boxed elementor-section-height-default elementor-section-height-default\" data-id=\"4b4e9ac\" data-element_type=\"section\">\n\t\t\t\t\t\t<div class=\"elementor-container elementor-column-gap-default\">\n\t\t\t\t\t\t\t\t<\/div>\n\t\t<\/section>\n\t\t\t\t<section class=\"elementor-section elementor-top-section elementor-element elementor-element-8406e81 elementor-section-boxed elementor-section-height-default elementor-section-height-default\" data-id=\"8406e81\" data-element_type=\"section\">\n\t\t\t\t\t\t<div class=\"elementor-container elementor-column-gap-default\">\n\t\t\t\t\t\t\t\t<\/div>\n\t\t<\/section>\n\t\t\t\t<section class=\"elementor-section elementor-top-section elementor-element elementor-element-f0a798c elementor-section-boxed elementor-section-height-default elementor-section-height-default\" data-id=\"f0a798c\" data-element_type=\"section\">\n\t\t\t\t\t\t<div class=\"elementor-container elementor-column-gap-default\">\n\t\t\t\t\t<div class=\"elementor-column elementor-col-100 elementor-top-column elementor-element elementor-element-b1951dc\" data-id=\"b1951dc\" data-element_type=\"column\">\n\t\t\t<div class=\"elementor-widget-wrap elementor-element-populated\">\n\t\t\t\t\t\t\t\t<div class=\"elementor-element elementor-element-2db1951 elementor-widget elementor-widget-image-gallery\" data-id=\"2db1951\" data-element_type=\"widget\" data-widget_type=\"image-gallery.default\">\n\t\t\t\t<div class=\"elementor-widget-container\">\n\t\t\t<style>\/*! elementor - v3.10.1 - 17-01-2023 *\/\n.elementor-image-gallery .gallery-item{display:inline-block;text-align:center;vertical-align:top;width:100%;max-width:100%;margin:0 auto}.elementor-image-gallery .gallery-item img{margin:0 auto}.elementor-image-gallery .gallery-item .gallery-caption{margin:0}.elementor-image-gallery figure img{display:block}.elementor-image-gallery figure figcaption{width:100%}.gallery-spacing-custom .elementor-image-gallery .gallery-icon{padding:0}@media (min-width:768px){.elementor-image-gallery .gallery-columns-2 .gallery-item{max-width:50%}.elementor-image-gallery .gallery-columns-3 .gallery-item{max-width:33.33%}.elementor-image-gallery .gallery-columns-4 .gallery-item{max-width:25%}.elementor-image-gallery .gallery-columns-5 .gallery-item{max-width:20%}.elementor-image-gallery .gallery-columns-6 .gallery-item{max-width:16.666%}.elementor-image-gallery .gallery-columns-7 .gallery-item{max-width:14.28%}.elementor-image-gallery .gallery-columns-8 .gallery-item{max-width:12.5%}.elementor-image-gallery .gallery-columns-9 .gallery-item{max-width:11.11%}.elementor-image-gallery .gallery-columns-10 .gallery-item{max-width:10%}}@media (min-width:480px) and (max-width:767px){.elementor-image-gallery .gallery.gallery-columns-2 .gallery-item,.elementor-image-gallery .gallery.gallery-columns-3 .gallery-item,.elementor-image-gallery .gallery.gallery-columns-4 .gallery-item,.elementor-image-gallery .gallery.gallery-columns-5 .gallery-item,.elementor-image-gallery .gallery.gallery-columns-6 .gallery-item,.elementor-image-gallery .gallery.gallery-columns-7 .gallery-item,.elementor-image-gallery .gallery.gallery-columns-8 .gallery-item,.elementor-image-gallery .gallery.gallery-columns-9 .gallery-item,.elementor-image-gallery .gallery.gallery-columns-10 .gallery-item{max-width:50%}}@media (max-width:479px){.elementor-image-gallery .gallery.gallery-columns-2 .gallery-item,.elementor-image-gallery .gallery.gallery-columns-3 .gallery-item,.elementor-image-gallery .gallery.gallery-columns-4 .gallery-item,.elementor-image-gallery .gallery.gallery-columns-5 .gallery-item,.elementor-image-gallery .gallery.gallery-columns-6 .gallery-item,.elementor-image-gallery .gallery.gallery-columns-7 .gallery-item,.elementor-image-gallery .gallery.gallery-columns-8 .gallery-item,.elementor-image-gallery .gallery.gallery-columns-9 .gallery-item,.elementor-image-gallery .gallery.gallery-columns-10 .gallery-item{max-width:100%}}<\/style>\t\t<div class=\"elementor-image-gallery\">\n\t\t\t<div id='gallery-1' class='gallery galleryid-192 gallery-columns-4 gallery-size-llorix-one-lite-post-thumbnail-mobile'><figure class='gallery-item'>\n\t\t\t<div class='gallery-icon landscape'>\n\t\t\t\t<a data-elementor-open-lightbox=\"yes\" data-elementor-lightbox-slideshow=\"2db1951\" data-elementor-lightbox-title=\"starterkit03\" e-action-hash=\"#elementor-action%3Aaction%3Dlightbox%26settings%3DeyJpZCI6MzQxMywidXJsIjoiaHR0cHM6XC9cL3JhbGx5ZWRlc2NvcGVyZXMuYmVcL3dwLWNvbnRlbnRcL3VwbG9hZHNcLzIwMjNcLzAzXC9zdGFydGVya2l0MDMuanBnIiwic2xpZGVzaG93IjoiMmRiMTk1MSJ9\" href='https:\/\/rallyedescoperes.be\/wp-content\/uploads\/2023\/03\/starterkit03.jpg'><img width=\"500\" height=\"233\" src=\"https:\/\/rallyedescoperes.be\/wp-content\/uploads\/2023\/03\/starterkit03-500x233.jpg\" class=\"attachment-llorix-one-lite-post-thumbnail-mobile size-llorix-one-lite-post-thumbnail-mobile\" alt=\"\" loading=\"lazy\" aria-describedby=\"gallery-1-3413\" srcset=\"https:\/\/rallyedescoperes.be\/wp-content\/uploads\/2023\/03\/starterkit03-500x233.jpg 500w, https:\/\/rallyedescoperes.be\/wp-content\/uploads\/2023\/03\/starterkit03-730x340.jpg 730w\" sizes=\"(max-width: 500px) 100vw, 500px\" \/><\/a>\n\t\t\t<\/div>\n\t\t\t\t<figcaption class='wp-caption-text gallery-caption' id='gallery-1-3413'>\n\t\t\t\tUn Club en Action &#8230;\n\t\t\t\t<\/figcaption><\/figure><figure class='gallery-item'>\n\t\t\t<div class='gallery-icon landscape'>\n\t\t\t\t<a data-elementor-open-lightbox=\"yes\" data-elementor-lightbox-slideshow=\"2db1951\" data-elementor-lightbox-title=\"starterkit02\" e-action-hash=\"#elementor-action%3Aaction%3Dlightbox%26settings%3DeyJpZCI6MzQxMiwidXJsIjoiaHR0cHM6XC9cL3JhbGx5ZWRlc2NvcGVyZXMuYmVcL3dwLWNvbnRlbnRcL3VwbG9hZHNcLzIwMjNcLzAzXC9zdGFydGVya2l0MDIuanBnIiwic2xpZGVzaG93IjoiMmRiMTk1MSJ9\" href='https:\/\/rallyedescoperes.be\/wp-content\/uploads\/2023\/03\/starterkit02.jpg'><img width=\"500\" height=\"233\" src=\"https:\/\/rallyedescoperes.be\/wp-content\/uploads\/2023\/03\/starterkit02-500x233.jpg\" class=\"attachment-llorix-one-lite-post-thumbnail-mobile size-llorix-one-lite-post-thumbnail-mobile\" alt=\"\" loading=\"lazy\" aria-describedby=\"gallery-1-3412\" srcset=\"https:\/\/rallyedescoperes.be\/wp-content\/uploads\/2023\/03\/starterkit02-500x233.jpg 500w, https:\/\/rallyedescoperes.be\/wp-content\/uploads\/2023\/03\/starterkit02-730x340.jpg 730w\" sizes=\"(max-width: 500px) 100vw, 500px\" \/><\/a>\n\t\t\t<\/div>\n\t\t\t\t<figcaption class='wp-caption-text gallery-caption' id='gallery-1-3412'>\n\t\t\t\tLe centre de pr\u00e9paration \n\t\t\t\t<\/figcaption><\/figure><figure class='gallery-item'>\n\t\t\t<div class='gallery-icon landscape'>\n\t\t\t\t<a data-elementor-open-lightbox=\"yes\" data-elementor-lightbox-slideshow=\"2db1951\" data-elementor-lightbox-title=\"IMG_7748\" e-action-hash=\"#elementor-action%3Aaction%3Dlightbox%26settings%3DeyJpZCI6MzQxMSwidXJsIjoiaHR0cHM6XC9cL3JhbGx5ZWRlc2NvcGVyZXMuYmVcL3dwLWNvbnRlbnRcL3VwbG9hZHNcLzIwMjNcLzAzXC9JTUdfNzc0OC5qcGciLCJzbGlkZXNob3ciOiIyZGIxOTUxIn0%3D\" href='https:\/\/rallyedescoperes.be\/wp-content\/uploads\/2023\/03\/IMG_7748.jpg'><img width=\"500\" height=\"233\" src=\"https:\/\/rallyedescoperes.be\/wp-content\/uploads\/2023\/03\/IMG_7748-500x233.jpg\" class=\"attachment-llorix-one-lite-post-thumbnail-mobile size-llorix-one-lite-post-thumbnail-mobile\" alt=\"\" loading=\"lazy\" aria-describedby=\"gallery-1-3411\" srcset=\"https:\/\/rallyedescoperes.be\/wp-content\/uploads\/2023\/03\/IMG_7748-500x233.jpg 500w, https:\/\/rallyedescoperes.be\/wp-content\/uploads\/2023\/03\/IMG_7748-730x340.jpg 730w\" sizes=\"(max-width: 500px) 100vw, 500px\" \/><\/a>\n\t\t\t<\/div>\n\t\t\t\t<figcaption class='wp-caption-text gallery-caption' id='gallery-1-3411'>\n\t\t\t\tPr\u00e9sentation starter kit\n\t\t\t\t<\/figcaption><\/figure><figure class='gallery-item'>\n\t\t\t<div class='gallery-icon landscape'>\n\t\t\t\t<a data-elementor-open-lightbox=\"yes\" data-elementor-lightbox-slideshow=\"2db1951\" data-elementor-lightbox-title=\"IMG_7746\" e-action-hash=\"#elementor-action%3Aaction%3Dlightbox%26settings%3DeyJpZCI6MzQxMCwidXJsIjoiaHR0cHM6XC9cL3JhbGx5ZWRlc2NvcGVyZXMuYmVcL3dwLWNvbnRlbnRcL3VwbG9hZHNcLzIwMjNcLzAzXC9JTUdfNzc0Ni5qcGciLCJzbGlkZXNob3ciOiIyZGIxOTUxIn0%3D\" href='https:\/\/rallyedescoperes.be\/wp-content\/uploads\/2023\/03\/IMG_7746.jpg'><img width=\"500\" height=\"233\" src=\"https:\/\/rallyedescoperes.be\/wp-content\/uploads\/2023\/03\/IMG_7746-500x233.jpg\" class=\"attachment-llorix-one-lite-post-thumbnail-mobile size-llorix-one-lite-post-thumbnail-mobile\" alt=\"\" loading=\"lazy\" aria-describedby=\"gallery-1-3410\" srcset=\"https:\/\/rallyedescoperes.be\/wp-content\/uploads\/2023\/03\/IMG_7746-500x233.jpg 500w, https:\/\/rallyedescoperes.be\/wp-content\/uploads\/2023\/03\/IMG_7746-730x340.jpg 730w\" sizes=\"(max-width: 500px) 100vw, 500px\" \/><\/a>\n\t\t\t<\/div>\n\t\t\t\t<figcaption class='wp-caption-text gallery-caption' id='gallery-1-3410'>\n\t\t\t\tPr\u00e9sentation starter kit\n\t\t\t\t<\/figcaption><\/figure>\n\t\t<\/div>\n\t\t<\/div>\n\t\t\t\t<\/div>\n\t\t\t\t<\/div>\n\t\t\t\t\t<\/div>\n\t\t<\/div>\n\t\t\t\t\t\t\t<\/div>\n\t\t<\/section>\n\t\t\t\t\t\t\t<\/div>\n\t\t","protected":false},"excerpt":{"rendered":"<p>Les profits g\u00e9n\u00e9r\u00e9s par le rallye des Cop\u00e8res sont attribu\u00e9s aux Asbl d&#8217;aide \u00e0 la jeunesse au travers de notre action STARTER KITS, \u00e0 la Fondation Rotary, \u00e0 des soutiens locaux ou internationaux. \u00a0 un KIT pour les KIDS \u00a0Un KIT de d\u00e9marrage dans la vie pour les jeunes !\u00a0\u00a0 Le starter kit est un<a class=\"moretag\" href=\"https:\/\/rallyedescoperes.be\/index.php\/beneficiaires\/\"><span class=\"screen-reader-text\">En savoir plus surLes b\u00e9n\u00e9ficiaires<\/span>[&#8230;]<\/a><\/p>\n","protected":false},"author":1,"featured_media":0,"parent":0,"menu_order":0,"comment_status":"closed","ping_status":"closed","template":"template-fullwidth.php","meta":{"ngg_post_thumbnail":0},"_links":{"self":[{"href":"https:\/\/rallyedescoperes.be\/index.php\/wp-json\/wp\/v2\/pages\/192"}],"collection":[{"href":"https:\/\/rallyedescoperes.be\/index.php\/wp-json\/wp\/v2\/pages"}],"about":[{"href":"https:\/\/rallyedescoperes.be\/index.php\/wp-json\/wp\/v2\/types\/page"}],"author":[{"embeddable":true,"href":"https:\/\/rallyedescoperes.be\/index.php\/wp-json\/wp\/v2\/users\/1"}],"replies":[{"embeddable":true,"href":"https:\/\/rallyedescoperes.be\/index.php\/wp-json\/wp\/v2\/comments?post=192"}],"version-history":[{"count":33,"href":"https:\/\/rallyedescoperes.be\/index.php\/wp-json\/wp\/v2\/pages\/192\/revisions"}],"predecessor-version":[{"id":6034,"href":"https:\/\/rallyedescoperes.be\/index.php\/wp-json\/wp\/v2\/pages\/192\/revisions\/6034"}],"wp:attachment":[{"href":"https:\/\/rallyedescoperes.be\/index.php\/wp-json\/wp\/v2\/media?parent=192"}],"curies":[{"name":"wp","href":"https:\/\/api.w.org\/{rel}","templated":true}]}}