{"id":5651,"date":"2025-10-16T19:16:46","date_gmt":"2025-10-16T17:16:46","guid":{"rendered":"https:\/\/rallyedescoperes.be\/?page_id=5651"},"modified":"2025-10-16T19:17:32","modified_gmt":"2025-10-16T17:17:32","slug":"poi-10","status":"publish","type":"page","link":"https:\/\/rallyedescoperes.be\/index.php\/poi-10\/","title":{"rendered":"POI 10"},"content":{"rendered":"\t\t<div data-elementor-type=\"wp-page\" data-elementor-id=\"5651\" class=\"elementor elementor-5651\">\n\t\t\t\t\t\t\t\t\t<section class=\"elementor-section elementor-top-section elementor-element elementor-element-fbd3fa7 elementor-section-boxed elementor-section-height-default elementor-section-height-default\" data-id=\"fbd3fa7\" data-element_type=\"section\">\n\t\t\t\t\t\t<div class=\"elementor-container elementor-column-gap-default\">\n\t\t\t\t\t<div class=\"elementor-column elementor-col-100 elementor-top-column elementor-element elementor-element-20e6c27\" data-id=\"20e6c27\" data-element_type=\"column\">\n\t\t\t<div class=\"elementor-widget-wrap elementor-element-populated\">\n\t\t\t\t\t\t\t\t<div class=\"elementor-element elementor-element-58ff5c4 elementor-widget elementor-widget-text-editor\" data-id=\"58ff5c4\" data-element_type=\"widget\" data-widget_type=\"text-editor.default\">\n\t\t\t\t<div class=\"elementor-widget-container\">\n\t\t\t<style>\/*! elementor - v3.10.1 - 17-01-2023 *\/\n.elementor-widget-text-editor.elementor-drop-cap-view-stacked .elementor-drop-cap{background-color:#818a91;color:#fff}.elementor-widget-text-editor.elementor-drop-cap-view-framed .elementor-drop-cap{color:#818a91;border:3px solid;background-color:transparent}.elementor-widget-text-editor:not(.elementor-drop-cap-view-default) .elementor-drop-cap{margin-top:8px}.elementor-widget-text-editor:not(.elementor-drop-cap-view-default) .elementor-drop-cap-letter{width:1em;height:1em}.elementor-widget-text-editor .elementor-drop-cap{float:left;text-align:center;line-height:1;font-size:50px}.elementor-widget-text-editor .elementor-drop-cap-letter{display:inline-block}<\/style>\t\t\t\t<p class=\"MsoNormal\"><b><span style=\"font-size:28.0pt;line-height:107%;color:#EE0000;mso-no-proof:yes\"><!--[if gte vml 1]><v:shapetype\n id=\"_x0000_t75\" coordsize=\"21600,21600\" o:spt=\"75\" o:preferrelative=\"t\"\n path=\"m@4@5l@4@11@9@11@9@5xe\" filled=\"f\" stroked=\"f\">\n <v:stroke joinstyle=\"miter\"\/>\n <v:formulas>\n  <v:f eqn=\"if lineDrawn pixelLineWidth 0\"\/>\n  <v:f eqn=\"sum @0 1 0\"\/>\n  <v:f eqn=\"sum 0 0 @1\"\/>\n  <v:f eqn=\"prod @2 1 2\"\/>\n  <v:f eqn=\"prod @3 21600 pixelWidth\"\/>\n  <v:f eqn=\"prod @3 21600 pixelHeight\"\/>\n  <v:f eqn=\"sum @0 0 1\"\/>\n  <v:f eqn=\"prod @6 1 2\"\/>\n  <v:f eqn=\"prod @7 21600 pixelWidth\"\/>\n  <v:f eqn=\"sum @8 21600 0\"\/>\n  <v:f eqn=\"prod @7 21600 pixelHeight\"\/>\n  <v:f eqn=\"sum @10 21600 0\"\/>\n <\/v:formulas>\n <v:path o:extrusionok=\"f\" gradientshapeok=\"t\" o:connecttype=\"rect\"\/>\n <o:lock v:ext=\"edit\" aspectratio=\"t\"\/>\n<\/v:shapetype><v:shape id=\"Graphique_x0020_1\" o:spid=\"_x0000_i1025\" type=\"#_x0000_t75\"\n alt=\"Rep\u00e8re avec un remplissage uni\" style='width:33pt;height:33pt;\n visibility:visible' o:gfxdata=\"UEsDBBQABgAIAAAAIQBpb4WjGQEAAIYCAAATAAAAW0NvbnRlbnRfVHlwZXNdLnhtbKRSzU6EMBC+\nm\/gOTa8GynowxgB78OeoHtYHGNsBGqFt2i7uvr0DC4lukMtemnY631+n+fbQtaxHH7Q1Bd+kGWdo\npFXa1AX\/2L0k95yFCEZBaw0W\/IiBb8vrq3x3dBgYoU0oeBOjexAiyAY7CKl1aOimsr6DSEdfCwfy\nC2oUt1l2J6Q1EU1M4sDBy\/wJK9i3kT0fqHxy4kzN2eOpb5AquO4G\/FAXiwiPbTiDgHOtlhApm+iN\nOvOVTJ5SQo49odEu3JDxfxRCv+yJ6iuoge9vkt+2JrU3GoHXCtk7+PgKHeUVstXu04JXQnn4poGE\nebNJ10kXstqq0hKVlfuOXj6dGGfb6\/KRpopiXC9XHmlmXTH+ovIHAAD\/\/wMAUEsDBBQABgAIAAAA\nIQCtMD\/xwQAAADIBAAALAAAAX3JlbHMvLnJlbHOEj80KwjAQhO+C7xD2btN6EJGmvYjgVfQB1mTb\nBtskZOPf25uLoCB4m2XYb2bq9jGN4kaRrXcKqqIEQU57Y12v4HTcLdYgOKEzOHpHCp7E0DbzWX2g\nEVN+4sEGFpniWMGQUthIyXqgCbnwgVx2Oh8nTPmMvQyoL9iTXJblSsZPBjRfTLE3CuLeVCCOz5CT\n\/7N911lNW6+vE7n0I0KaiPe8LCMx9pQU6NGGs8do3ha\/RVXk5iCbWn4tbV4AAAD\/\/wMAUEsDBBQA\nBgAIAAAAIQCKBynsNgIAANAEAAAfAAAAY2xpcGJvYXJkL2RyYXdpbmdzL2RyYXdpbmcxLnhtbKRU\n247TMBB9R+IfLL+3aXpvtOmqF1ohraDaBd69ziSxiO1gu6GrFf\/Df\/BjjJP0QkEgLQ+JxvbMmeMz\nM765PciCVGCs0CqmYbdHCSiuE6GymH78sOlMKbGOqYQVWkFMn8DS2\/nrVzcsygwrc8EJIigbsZjm\nzpVREFieg2S2q0tQeJZqI5nDpcmCxLCviCyLoN\/rjQPJhKLzM9SaOUb2RrwAqtD8MyQrpipmEbLg\n0eVOy7Hg\/4\/MIlVtTflQ7oxnzt9VO0NEElNUTjGJEtGgPWjdcBlcRWVngENqpPfXaUoONcqT\/9cY\ncHCE4+YwnIU9xOd41NpNjvz9H6J4\/uavcUimSYrGBZFScM9DVTvBr+8WjsLBMBz1p6dLbuvif9kD\nCSlJwHIT03sof3w3QFgFnOwVMSDLQljLMsClOOlySoAp77Bulii9ypnKYGFL4A770PsiPa9uw6ZW\n8BT4WIhyI4rCE\/Z2W1\/k8O8eRKEFh7XmewnKNY1ooGAOJ8DmorSUmAjkI2BNzdskrBsUK3FnnU\/n\na1K36PNsvF6sRsOwM1lOFp3hYD3oTJeTWWcwWY8Hg+V0ON6E33y0rbIIv+WZqN\/6jasU3GirU9fl\nWgYNzePEIM1wHDx82jYz8wvDfisWMqtFO3JFybw2nrR1BhzPvZmibPcociPw6aB1Popq2\/Z+eXci\n4DG4NNZtQUviDRQVs9eisgo1bXgcXeoLNMkRAPsDN65muXZp3x7\/YFyu5z8BAAD\/\/wMAUEsDBAoA\nAAAAAAAAIQBKAxrAzgkAAM4JAAAaAAAAY2xpcGJvYXJkL21lZGlhL2ltYWdlMS5wbmeJUE5HDQoa\nCgAAAA1JSERSAAAAwAAAAMAIBgAAAFLcbAcAAAABc1JHQgCuzhzpAAAABGdBTUEAALGPC\/xhBQAA\nAAlwSFlzAAAdhwAAHYcBj+XxZQAACWNJREFUeF7t3Y9xE0cUx3GRCkgFIRUEKoipIFBBoIKECjKp\nAKggpAJMBYgKcCrAHYRUQH4\/+2miGNk63d3u3u37fmY0OjOJLcv73tt\/t9oAAAAAAAAAAAAAAAAA\nAAAAAAAAAAAAAAAAAAAAAAAAaOJePKOA95vNfT090ONMb\/R3en7ofxf\/++5hn28+vmw2f+n54vFm\ns9UzCiEAZhQN\/qHe1J\/0fKaHG\/+ukU9xqce5guKDAuL8+p8wBwJgomj0zvBu9E\/0mKPBH+NgeKdg\neBNfYyQCYKRo+L\/qDfxZz870rbxSMLxWMLhK4EQEwInU8N3FcaN\/pkeNbD8UgTACATCQM77erN90\nubSGf9MrDT5exDWOIAAGUON3H\/8PXbbs6pzCs0gvGCMcRwDcIbK+G74Ht2t0oUB4rEDw1CoOIABu\nEX39t7pcS9a\/jauBg+Aivsaeb+IZe9T4Pbujp9U3fnMV++jfKb7GHirAnujyeKDba2N5owHy87iG\nEAAhGv9LXXqWp2dbBYF6RDC6QCFJ47ez7XX3DkIFEDUIz\/RkaPz7qASSvgKo8WfJ\/De5EniWK7XU\nFUD9gGd6A5z90\/qy2TxVGUi7wzRtAKjxP9Av\/1GXS97WUIWC4FHWdYKUXaCY8XHmT9\/4Te9F2q5Q\nygDQH9xz\/b5hBdceZB0PpOsCKft7YxvTgAfElgnFQh7pKkBkfxyg9ybdhECqAFDa9xYHuj63exDv\nURppukAx8P2kSwa+d\/PuUc8KpbizLFMFcGaj8R+32xCYQooKENnfc\/4ttzf7ppStsusHPXvO3V\/v\nsqwD02cG+XX+qOfWK9Of1U\/8Nq67liUAWq74utH7Ht1LdSsG35ml1\/xEr9lHrTQJBr3m53q93d9S\nmSIAtlftqfrg96rhT11h1Qv3nWner1T79aeoAt0HQGTSmos8HkT+rob\/Kr6ehX4P36XmQKgmQxXI\nMAjencdZgxu\/G82sjd\/8PfW9H+my2g3uCjiPR7rWfQDoj+hDrGrY3XxebGelvrdPeagZBGs9DWOw\nrgPA\/Wc91Zj52WX+4jsq9TMu9bOexpel3dd72MPBALfqvQJUGTiqQbrPX21PvX6WB9i1gqDrKtB1\nAFTqw27VIGfv8x8TAVc86Cp2IZvovQIUHwA7+8dldfrZNc4ApQu0RtF3Lf3HO3d3JK6r08\/2SnLp\nacquxwE9V4DifzRl4D\/jshm9htdxWVLNqeSqeg6A0n+0q70915ftqAp45qn0zk0qwNpo8OYPpSvJ\ng99qi1JHFB0M97wg1nMFKLr1WV2Pd3HZnF6Ld5hiBAJgvKVkfyv9Wrq9j6LnAChtSefolH4tBMAK\ndftHa4AAWKE0XaAFDcZXp+cAKN0oFjM1WGGhqtsAIwDGW1K3IE21m1vPAVB6cWhJq6M1Fv261HMA\nFHVvs\/khLpur8FoIgLX5stn8E5elLGmffOnXQgCsUPG5cQ0+a5\/U8BW9Bnd\/ig6Ce15p7jkAim9U\nU9fjl7hsRq+hxg0rS1r0m5Xev34pAv7WU9EZEmXHZp+u4uyvP6Ceiv6OXZ8P1PsguHjDVANsdqS4\nfrbPCSo9Bdr1IbkEwHQPlYKrH1+on1nrqPfm9zyU1HUAqHtS5Y4tVwE1yGoD4uj6VDnBufet1l0H\nQKW7pa6oQb51w4wvi9HP8Kdb+qjHGivRnv6kAqxcrfN6fLT5+5JBEJlfT9X2IS3prrciug+AyiX8\n6nMI1EJn\/5ghf8\/Kjb9aF7Ilvaf9Uw33RyPV3r3p09t8XOKkLphavD\/V0usNtVeefdzj91SADjTK\nZG64nxR8owbI\/n\/0\/77U93B\/v\/q2C71nr3tv\/JaiAqgxuWviRbGW3JjeqGG5S+Zrf2LMpV+brncP\nD3B9AoMDpuVuU2f\/FB+UlyIAzJlYT60\/e2stzhWBtQ7fbSpFF8iU0Wqco9kFd3\/isntpAiD6s91\/\n6NsMmp53WluaALBMmW0svUfdT33uSzMG2FFq8+cFtxxgLtmF+v7+CKY0UlUAowrcLuN7k64CmKpA\ni4WxpfNnj3nqs\/u5\/33pKoDpD93sU12Wyn3\/bI3fUgaAeINc94s8J3DDr\/45Z0uQMgAi09XaJbp4\n7vtnzP6WtQLQDfq\/tOsjaQMgMh4LY9cLX2m7g2kDwKgC192fuEwpdQBE5ss8Fki17eGQ1AFgmauA\nfvdU2x4OSbkQdlPShbF02x4OSV8BLGMVIPtfowKEZFUgxf2+Q1ABQqYqoN817cLXTQTAf7LMBrH+\nsYcACJERM+yHSb3wdRMBsCdDN8jdn7iEEAB7ogr03D1w9u\/2wy7GIABu6LkKkP2\/RgDcEP3jHgfE\nPug29baHQwiAA3rMlGT\/wwiAAyJT9jRT4t+F7H8AAXCLnsYC+l1S3u87BFsh7tDJ9gi2PdyBCnAH\nZ864XC33\/Wn8tyMA7rb2leHe1zUmIwDuEJlzzUHAtocjCIAj1jwYdvcnLnELAuCIqAJr7Eaw7WEA\nAmCANVYBsv8wTIMOtF3Xserc7zsQFWCgNVUBsv9wBMBA6k+v5UDdXjfzFUEAnGANVUCvkW0PJyAA\nTrP0KrD2dYvqCIATOLM6w8aXi+O+P9n\/NATA6ZaaYde6XtEUAXCiyLCLC4LI\/mx7OBEBMMICB8Nk\n\/5EIgBEWWAXY9DYSATDSkqqAuz9xiRMRACNFFVhCt4NNbxMQABMo876Iy2bI\/tMQABMsoAo4+3Pa\nwwQEwEQtxwJk\/+kIgIli9qXF5jOy\/wwIgBm0qAJk\/3lwQ8xMKt8wsz27Kj6YigowE2Xk53FZHNl\/\nPlSAGVWqAtzuOCMqwIxqjAXI\/vMiAGakTnnpG2ZazTh1iwCYWckq4OyvIPPiG2bCGKAAjQVKnCp9\nqQB4RADMiwpQQIkqoO\/Jze4FUAEKmbkKcMZ\/IVSAQuasAvpe9P0LIQDKmWtGyA2fo04KIQAKccZ2\nvz2+HI3sXxYBUNbUzO2Gz83uBREABUXmnhIEb\/Q9uNm9IAKgsAmD4UWfQtcLAqCwqAJjujFb\/b\/c\n7F4YAVCBMvnJN89PqBw4AQFQwYgqwFEnlRAAlZyS0fXfsuW5EgKgkpjNGVIFuNm9IgKgoiFVgOxf\nFwFQUVSBu25o8cwP2b8iAqAyZXjfPH9occvz\/tVurMc1AqAyZXg3dD1drRB7dsiPc\/9bVAgAAAAA\nAAAAAAAAAAAAAAAAAAAAAAAAAAAAAAAAAAAA6Nxm8y\/31y4ogFQtzQAAAABJRU5ErkJgglBLAwQK\nAAAAAAAAACEAb5JOcc0BAADNAQAAGgAAAGNsaXBib2FyZC9tZWRpYS9pbWFnZTIuc3ZnPHN2ZyB2\naWV3Qm94PSIwIDAgOTYgOTYiIHhtbG5zPSJodHRwOi8vd3d3LnczLm9yZy8yMDAwL3N2ZyIgeG1s\nbnM6eGxpbms9Imh0dHA6Ly93d3cudzMub3JnLzE5OTkveGxpbmsiIGlkPSJJY29uc19NYXJrZXIi\nIG92ZXJmbG93PSJoaWRkZW4iPjxnPjxwYXRoIGQ9Ik00OCA0NEM0MyA0NCAzOSA0MCAzOSAzNSAz\nOSAzMCA0MyAyNiA0OCAyNiA1MyAyNiA1NyAzMCA1NyAzNSA1NyA0MCA1MyA0NCA0OCA0NFpNNDgg\nMTRDNDEuMSAxNCAzNC42IDE3LjQgMzAuNyAyMy4yIDI2LjggMjguOSAyNiAzNi4yIDI4LjUgNDIu\nN0wzOCA2My43IDQ2LjIgODAuOUM0Ni41IDgxLjYgNDcuMiA4MiA0OCA4MiA0OC44IDgyIDQ5LjUg\nODEuNiA0OS44IDgwLjlMNTggNjMuNyA2Ny41IDQyLjdDNzAgMzYuMiA2OS4yIDI4LjkgNjUuMyAy\nMy4yIDYxLjQgMTcuNCA1NC45IDE0IDQ4IDE0WiIgZmlsbD0iI0MwMDAwMCIvPjwvZz48L3N2Zz5Q\nSwMEFAAGAAgAAAAhAFA\/ossaBwAATSAAABoAAABjbGlwYm9hcmQvdGhlbWUvdGhlbWUxLnhtbOxa\nS28bNxC+F+h\/IPbeWJIl2TIiB5Ytx038QqSkyJGSqF3G3OWCpOzoViSnXgoUSIteCvTWQ1E0QAM0\n6KU\/xkCCNv0RHXIfIiUqfiBAg8I2YOzOfjMczszOzA59+87TmKFTIiTlSTuo3qoEiCRDPqJJ2A4e\n9nc\/Ww+QVDgZYcYT0g6mRAZ3Nj\/95DbeGDKaDjgWo35EYoJAUCI3cDuIlEo3VlbkEMhY3uIpSeDZ\nmIsYK7gV4cpI4DNYIGYrtUqluRJjmgSbIFFpQV0GfxIlNWHIRE+LISjBMax+NB7TITHY0UlVI+RU\nbjOBTjFrByBzxM\/65KkKEMNSwYN2UDE\/wcrm7RW8kTMxtYTX4ts1PzlfzjA6qZk1RTgoF610a+v1\nainfAJhaxHXX9W8pzwDwcAg7zXSxZVYbzcp6LcdaoOzSI7u1Vl118Zb81QWdq61mp1Z35BtQJr++\ngK\/stro7DQdvQBm+sYDfqtQ6rVUHb0AZvrmAr3e31mpdB29AEaPJySK6uba+3szRJWTM2Z4X3mo2\nK2s7OXyGgmgoo0svMeaJWhZrMX7CxS4ANJBhRROkpikZ4yHE5FaquEQ7VKYMTwOU4oRLIFdq1SqE\nXr1SK3+NxfEGwRa31gs0kQskrQ+SQ0FT1Q7ugdTAgrx5\/fr82avzZ7+fP39+\/uxXtE\/DSGWiHL49\nnIQ237ufvvnnhy\/R37\/9+O7Ft368tPFvf\/nq7R9\/vk88vGozU7z57uXbVy\/ffP\/1Xz+\/8EjfEnhg\nw\/s0JhIdkjP0gMewQWMKV38yEFfj6EeY2hxbSShxgvUqHvldFTnowylm2IPrENeOjwSkGh\/w7uSJ\no3AvEhNFPRLvR7EDPOCcdbjwWuG+Xssyc3+ShP7FxcTGPcD41Lf2Nk4cL3cnKeRY6hO5HRFHzWOG\nE4VDkhCF9DN+Qohnd48pdex6QIeCSz5W6DFFHUy9JunTgRNNM6Y9GoNfpj4Fwd+ObQ4eoQ5nvl3v\nkFMXCe8GZh7l+4Q5ZryLJwrHPpF9HDPb4PtYRT4le1MxtHFdqcDTIWEcdUdESh\/PkYD9Wk6\/jyG7\ned1+wKaxixSKnvhk7mPObeQOP9mOcJz6sD2aRDb2c3kCIYrRMVc++AF33xB9D37AyVJ3P6LEcffF\n2eAhZDlbpVmA6CcT4fHlXcKd+O1N2RgTX6rZErGTYrcE9UZHZxI6ob1PCMNneEQIevi5R4MOTx2b\nz5S+F0FW2SO+wLqH3VjV9wmRBJnmZjFP7lPphGyPhHyJPgfTucQzxUmMxTLJh+B12+bdgYCX0bPP\nIzY8sYGHFPo9iBevUY4kyLCCe6nU4wg7BUzfS3+8ToXjv8u8Y\/BePnHUuMR7CTzkyjyQ2G2e99qm\nj5mzwCxg+piifV+6BRbH\/TMWXVwN28TLN3Zf2pkboDtymp6YJhd0QP9N5+MJxA\/T8\/gFOwnrit3O\nsoSyN9fjLMPNdzbbXIzox9\/Y7OBJckyglixmrZu+5qavCf73fc2y9\/mmm1nWc9x0MwF0GTfdTD5g\n+TDdzKyBgd5GDxmyYY8Z\/cRLJz9jylhPTRnZl2b4I+GbZrQLRM1nJpyknASmEVzqMgcLOLhQYMOD\nBFdfUBX1IpzChKgaaCGhzEWHEqVcwuDIkL2yNZ5N4gM+ygaeZsJUySqrxGpGrzRg9JTRYVilMnRz\nLSdq\/cxUFfQ12oZm2FoooHmvooS1mKvEqkeJtYJ4gRJ6dvZhtGh5tFjX4gtXLZgCVCu9Ah\/dCD7V\n20GjrhWC8bgcQoM+0n7KXF141zjzQ3p6mTGdCIDhYrYTmJ6Xnm5pXZduT+8uC7VLeNpRwjglCytX\nCWMZ0+DJCD6F8+jU1MuocVVft2YuddTTpjDrQXzP1Fhbf58W1\/U18M3nBpbYmYIl6KwdNFcbEDJD\nnLaDMQyO4TJOIXak\/u7CLIQjl6ES2Qt\/ncySCql2sIwyg5ukk7knpooIxGjcDvT2SzewxOQQo1u1\nBgnho1WuBWnlY1MOnO46mYzHZKhst1sUbensFjJ8liu8Tw379cGak0\/A3b1odIYGbCIeYAixxlpV\nG3BEJZwfVDNrjigciJWJbBZ\/c4UpT\/72iZSJoYyOWRrhvKLYyTyDm3pSqmPuShtYd\/mewaCWSfJC\nOAh1gbWN6lTTsnRlOiytuhczactZSXNWM52soqumP4s5KxRlYM6W1yvyllaFiSGn2RU+S93zKbdV\n5Lq5PqGsEmDw0n7XK\/2WarPFHNW0xotpWOfsnOrWjmKDF6h2mSJhZf1mIXbObmWN8C4HxGtVfuCb\nj1ogjYu+0ljad7h9gFM0CKvtAA6YYUD4FK7giDoAWk3TapoGV3DuDOUiOyxuB\/lFQYHnGaXErBaU\n1QJTLyj1gtIoKI2C0iwozQCZU1U4ydcHqgEqDk2hhuWHrHlv4f4HwOa\/AAAA\/\/8DAFBLAwQUAAYA\nCAAAACEAAkkGU9wAAAAyAgAAKgAAAGNsaXBib2FyZC9kcmF3aW5ncy9fcmVscy9kcmF3aW5nMS54\nbWwucmVsc7yRzWrDMAyA74O9g9F9VpLBGKNOL6PQ6+geQNiKYxb\/YLtlffuZ9rJAxy5jF4Ek9OlD\n2mw\/\/SJOnIuLQUEvOxAcdDQuWAXvh93DM4hSKRhaYmAFZy6wHe\/vNm+8UG1DZXapiEYJRcFca3pB\nLHpmT0XGxKF1ppg91ZZmi4n0B1nGoeueMH9nwLhiir1RkPfmEcThnNrm39lxmpzm16iPnkO9sQJr\n8+IGpGy5KpDyWrnGXjZXwNsaw19qON9OsNLwbBzhpT7IcrI\/afT\/ptHLFC4auPr0+AUAAP\/\/AwBQ\nSwECLQAUAAYACAAAACEAaW+FoxkBAACGAgAAEwAAAAAAAAAAAAAAAAAAAAAAW0NvbnRlbnRfVHlw\nZXNdLnhtbFBLAQItABQABgAIAAAAIQCtMD\/xwQAAADIBAAALAAAAAAAAAAAAAAAAAEoBAABfcmVs\ncy8ucmVsc1BLAQItABQABgAIAAAAIQCKBynsNgIAANAEAAAfAAAAAAAAAAAAAAAAADQCAABjbGlw\nYm9hcmQvZHJhd2luZ3MvZHJhd2luZzEueG1sUEsBAi0ACgAAAAAAAAAhAEoDGsDOCQAAzgkAABoA\nAAAAAAAAAAAAAAAApwQAAGNsaXBib2FyZC9tZWRpYS9pbWFnZTEucG5nUEsBAi0ACgAAAAAAAAAh\nAG+STnHNAQAAzQEAABoAAAAAAAAAAAAAAAAArQ4AAGNsaXBib2FyZC9tZWRpYS9pbWFnZTIuc3Zn\nUEsBAi0AFAAGAAgAAAAhAFA\/ossaBwAATSAAABoAAAAAAAAAAAAAAAAAshAAAGNsaXBib2FyZC90\naGVtZS90aGVtZTEueG1sUEsBAi0AFAAGAAgAAAAhAAJJBlPcAAAAMgIAACoAAAAAAAAAAAAAAAAA\nBBgAAGNsaXBib2FyZC9kcmF3aW5ncy9fcmVscy9kcmF3aW5nMS54bWwucmVsc1BLBQYAAAAABwAH\nAPcBAAAoGQAAAAA=\n\">\n <v:imagedata src=\"file:\/\/\/C:\/Users\/multi\/AppData\/Local\/Temp\/msohtmlclip1\/01\/clip_image001.png\"\n  o:title=\"\" croptop=\"-9914f\" cropbottom=\"-9528f\" cropleft=\"-30874f\"\n  cropright=\"-28601f\"\/>\n<\/v:shape><![endif]--><!--[if !vml]--><img loading=\"lazy\" width=\"44\" height=\"44\" src=\"data:image\/png;base64,iVBORw0KGgoAAAANSUhEUgAAAFgAAABYCAYAAABxlTA0AAAAAXNSR0ICQMB9xQAAAAlwSFlzAAAdhwAAHYcBj+XxZQAAABl0RVh0U29mdHdhcmUATWljcm9zb2Z0IE9mZmljZX\/tNXEAAAgNSURBVHja7ZxbbBRVGMeP9Q5iVZAQL1SCihVDlHiPES9ERTQoEW0KCTyIF9QobyaKUB9Urg9CjIohYBSIdy0G07Xtzs5eu1soCkZURCgh5aJA2lDZ3vx\/nG+zS+Myp9Pd2dnZ8\/DPzG53Znp+880557ucETU1NUIrf9IQNGANWEsD1oA1YC0NWAPWgLU0YA1Yq3gA+4QoDwoxGhrbKMQEvxC3QrfwfiX+XoG\/jfxMiPM1YAX1CVGWACyAuwwQbwsI8Ry2KwFznSHEj9AO7LfQPrZfNwjxHrYL8LsqHHMljh0G2GUa8P9b6zDAvAuwXgG0DdAWgGzFd0ex3wF1w1r7TIj2oX\/98m8H8N2f+G0TtAyf79wsxLkacIYAZQJAvoZtnSFhdccBkhSBwhDBDbBoP8TfR6FmaIsEfwSf63GupQS65AHDaocCxiTAWA2obWEGylY6YBH4rRDdIOhbnLu6VohRJQkYDb8YAGZBmwCjIyzBnJTfplLHZ3QlrbD4BbiRl5cUYAxEZ6Lx1dAOAEimHn9\/jpSCzDqGcy\/HADiiZAADwgNQY5C7hFzCzZTJ\/TjOfwifa2iW4XnANFOAvkPjk+YguwRVa26CcM19+Pw8IF\/oWcBBOb9dC7CdIRtwU7MIw4YlB+X+dlz\/fkzjzvIcYHIgaFBDI\/+IK0IyGE6IZTLg1BQtNIDuhQfRJDkn+D+u9hxgNHIMOxAnIopwA6fOCMi52I\/v92DbaWbMjQ1F62cr\/hua7SnAbL1VaNi+sAIQg63TL2cAPmwX4\/insZ2Oz9OwnUlutF+6yq2JNDzLeXKT3P8QU7fRngEMONfh0VyDhvVGFCwtLPd3Qytw7GTAuCSLo1KB37wEaw7guN6w4rlxzij0mBDiDK8AnooG\/uS38NJMFix4P45ZqOog4Lf34PgArD4ZUujTAfogPr\/uJQueg8b9YzUtYwvswO+XQWNVz79TiLNx3KM497a4QvcThbVju46OK3rA6B+HoGFvwrJ6gtbWewL7DRT3tRHXuADd0Lu4ztHT3UiDg0O4gX7o+nx3E05Y73g0amPEYiCKyu0B\/HYRBdptzlQeh+JWA2lcAqY58RP5Dm06AXgyzQRCFv1vIu0IPGK30RR0xzk+jlnMj6PyBuzCtV7Mt\/vsBOBJaOxmK8Acz43QjGOQ11sat7gWA96N3863+7S4BjD1p2jINyqAGyXgcYO5HvrhJVaAY3L7O671LPXdxW7BN6MxXyl2Eduge+3GCnCO4bje6iY1wL9Bc3cJMbTYLXgi9KUVYPawdqE7mQOrGmL3ZsKCv4+qXeuXeiFmJfKckc47YPK20PCPrGYRPPIfhlbW2shAUBAf15mH43eGFKZp2CbqB\/G0uAYwZy8WRNLxhdPFH3op2kZurA3rHYdzbArLfNxpr9Ms9+tw88d4wpNDY57Bo388aDE\/ZcvrIVAANnEAfe8ocmagg1G1CF0S++8D8HmeAIxGTQWwn9GoXlMtVnAcnz+Hplg9wvjNTdBy6C\/DYv4b4PNTdgP78z0Ti6BYMBq\/lKwzqpiwZFgmOQP4\/g7yCGFxV+Bvl1KcgsuoZmBQ+4TiFyrBdzPtMQYoL+ipgDt5dGhUW0wGWpQC5Nxnd+D3Braf4hxvY\/sqtqvwXT3Fl7HfpZrbM+Vg2kXHO5XKdzSjAWjrDbY21UKSUDqbcZxLpSgj0Q5I3WaGtavA5adiO2YPM\/ocqmFzDDANKGjoU3ikdyds1DikyqSinOofaC0Fh0J7yRHxeTEnRwKUCnq0mxxI1\/e\/SQyYAu3VTsweCgKYGmbIfvRYyEHAfK0uqBa61sk2OwqYanfR\/92HRhoxkb+KniyucSsVnvi8XHjCVkwZjiUYdHoDwpnKnnA6g3FDnwOJzoIC5hnFFChmKqbbc9A9HMbgujjfoUnXAEZDR1BqyLDIAufCejkJalBNHMVFSgIwu8\/TDBmezFtfzHGHTsB9x8l6NFcARsPHA8J6WmsRzgPcjBoLA6AfLFQ7CwaYAt1UCgUdas4D4FRxIPe95SUHmK2YssAN8M5O5LrCna23jWriCtnGggKmpVsA8gK0J55DwJF0\/GIDdUUlC5ghU0rph0QO58Sc1CTrnZ0o8CrQggOmiT9ALMIjfSgXSwo4CNRJK0Fx864pdPsKDphjxSezwYNZI9fPLd5LgXo3rGF2BWCao8LqaiI58Oxi8imoowyIG9YtuwIwW3EV1GradDyM9M05Ai3sc8micNcA5lcWrAKcZMSm18bH+XCeu93SLtcA5m6CKuH3Rewv8epCX\/6WL8\/lUEUJOOV4UOU5QHVEBugWG1zzS96hm9rkKsCU8QCkh6BfEwN3LHpgvSucqNYpWsAM+SJK0aeW2qp0DWGZzKSp2cNua4\/rAJPjAXBP4pHfGlPoi8MS8jHsf4B+\/CoNWM2KRwLYGpVqHV6Wu5MKWwD4HA1YUYA3j2vIskLmwpR2AF4bzLJYUQPO7njcCG0MZ\/HuMl5T0AJNd2LNm6cAU\/4MljsP6g5lr13rodcj+Ar8Xp6iBMxWfDu9GSX12pn+Zah+ab0zhcOpeM8Axly4nBaqAGJ7QnYHmSHJPierJD0JmAe7SupnY7LyPdN625x874NnAcNCh1MNBSVHm9hr42UGX9BAqAEPfrAr44p2oyW9no4ci7lOVkl6FnDGgPcyrHdvUK5EqgXcymL4v4sGML3mtl4OeG+w1+aaF4B6AnCxSkPQgDVgLQ1YA9aAtTRgDVgD1tKANWCtU\/Qf9Bo9reaN7vgAAAAASUVORK5CYII=\" alt=\"Rep\u00e8re avec un remplissage uni\" v:shapes=\"Graphique_x0020_1\"><!--[endif]--><\/span><\/b><b><span style=\"font-size:28.0pt;line-height:107%;color:#EE0000\">10<\/span><\/b><o:p><\/o:p><\/p><div style=\"mso-element:para-border-div;border:solid windowtext 1.0pt;\nmso-border-alt:solid windowtext .5pt;padding:1.0pt 4.0pt 1.0pt 4.0pt\">\n\n<p class=\"MsoNormal\" style=\"border:none;mso-border-alt:solid windowtext .5pt;\npadding:0cm;mso-padding-alt:1.0pt 4.0pt 1.0pt 4.0pt;mso-border-between:.5pt solid windowtext;\nmso-padding-between:1.0pt\">La Lesse<o:p><\/o:p><\/p>\n\n<\/div><p class=\"MsoNormal\">La Lesse prend sa source en Province de Luxembourg du c\u00f4t\u00e9\nd\u2019Ochamps, entit\u00e9 de Libin. Ce sont 89 kilom\u00e8tres qui s\u00e9parent la source (alt.\n494 m) \u00e0 Anseremme (alt. 90 m), lieu de la confluence avec la Meuse. <o:p><\/o:p><\/p><p class=\"MsoNormal\">Rivi\u00e8re aqualudique pour beaucoup, la Lesse est aussi riche\nde sa biodiversit\u00e9 et de ses paysages, particuli\u00e8rement ici dans sa travers\u00e9e\ndu Condroz&nbsp;: les fameuses aiguilles de Chaleux ne sont pas loin (on y sera\nl\u2019an prochain, promis&nbsp;!)<o:p><\/o:p><\/p><p>\n\n\n\n\n\n\n\n<\/p><p class=\"MsoNormal\">La Lesse est tr\u00e8s pris\u00e9e par les p\u00eacheurs \u00e0 la mouche&nbsp;:\non y trouve la truite, le brochet, le barbeau, le chevesne&#8230; et \u00e7a et l\u00e0 un\nkayak&nbsp;!<o:p><\/o:p><\/p>\t\t\t\t\t\t<\/div>\n\t\t\t\t<\/div>\n\t\t\t\t\t<\/div>\n\t\t<\/div>\n\t\t\t\t\t\t\t<\/div>\n\t\t<\/section>\n\t\t\t\t\t\t\t<\/div>\n\t\t","protected":false},"excerpt":{"rendered":"<p>10 La Lesse La Lesse prend sa source en Province de Luxembourg du c\u00f4t\u00e9 d\u2019Ochamps, entit\u00e9 de Libin. Ce sont 89 kilom\u00e8tres qui s\u00e9parent la source (alt. 494 m) \u00e0 Anseremme (alt. 90 m), lieu de la confluence avec la Meuse. Rivi\u00e8re aqualudique pour beaucoup, la Lesse est aussi riche de sa biodiversit\u00e9 et de<a class=\"moretag\" href=\"https:\/\/rallyedescoperes.be\/index.php\/poi-10\/\"><span class=\"screen-reader-text\">En savoir plus surPOI 10<\/span>[&#8230;]<\/a><\/p>\n","protected":false},"author":4,"featured_media":0,"parent":0,"menu_order":0,"comment_status":"closed","ping_status":"closed","template":"","meta":{"ngg_post_thumbnail":0},"_links":{"self":[{"href":"https:\/\/rallyedescoperes.be\/index.php\/wp-json\/wp\/v2\/pages\/5651"}],"collection":[{"href":"https:\/\/rallyedescoperes.be\/index.php\/wp-json\/wp\/v2\/pages"}],"about":[{"href":"https:\/\/rallyedescoperes.be\/index.php\/wp-json\/wp\/v2\/types\/page"}],"author":[{"embeddable":true,"href":"https:\/\/rallyedescoperes.be\/index.php\/wp-json\/wp\/v2\/users\/4"}],"replies":[{"embeddable":true,"href":"https:\/\/rallyedescoperes.be\/index.php\/wp-json\/wp\/v2\/comments?post=5651"}],"version-history":[{"count":4,"href":"https:\/\/rallyedescoperes.be\/index.php\/wp-json\/wp\/v2\/pages\/5651\/revisions"}],"predecessor-version":[{"id":5655,"href":"https:\/\/rallyedescoperes.be\/index.php\/wp-json\/wp\/v2\/pages\/5651\/revisions\/5655"}],"wp:attachment":[{"href":"https:\/\/rallyedescoperes.be\/index.php\/wp-json\/wp\/v2\/media?parent=5651"}],"curies":[{"name":"wp","href":"https:\/\/api.w.org\/{rel}","templated":true}]}}