{"id":70,"date":"2019-02-10T16:55:47","date_gmt":"2019-02-10T15:55:47","guid":{"rendered":"http:\/\/rallyedescoperes.be\/?page_id=70"},"modified":"2023-12-21T12:04:02","modified_gmt":"2023-12-21T11:04:02","slug":"infos","status":"publish","type":"page","link":"https:\/\/rallyedescoperes.be\/index.php\/infos\/","title":{"rendered":"Informations RALLYE"},"content":{"rendered":"\n<div class=\"wp-container-1 wp-block-buttons\">\n<div class=\"wp-block-button is-style-fill\"><a class=\"wp-block-button__link has-midnight-gradient-background has-background\" href=\"https:\/\/rallyedescoperes.be\/index.php\/2023\/01\/15\/programme\/\">Le Programme du Rallye en d\u00e9tail prochainement<\/a><\/div>\n<\/div>\n\n\n<h1 align=\"CENTER\"><span style=\"font-size: large;\"><u>Le 14\u00e8me rallye des Cop\u00e8res 2024 avec ses NOUVEAUTES<\/u><\/span><span style=\"font-size: large;\">&nbsp;!<\/span><\/h1>\n<h1 style=\"text-align: center;\"><strong>20 Mai 2024<br><em>&#8220;Lundi de Pentec\u00f4te&#8221;<\/em><\/strong><\/h1>\n<p align=\"JUSTIFY\"><span style=\"font-size: medium;\">Cher.e.s Toutes et Tous,<\/span><\/p>\n<p align=\"JUSTIFY\"><a name=\"_GoBack\"><\/a><span style=\"font-size: medium;\">Notre quatorzi\u00e8me rallye des Cop\u00e8res sera, une nouvelle fois, un lieu de retrouvailles, de rencontres et de partage autour d&#8217;une m\u00eame passion : l&#8217;automobile. Bien que nous soyons dans une p\u00e9riode de questionnement climatique, nous pensons qu&#8217;il est important d&#8217;entretenir la m\u00e9moire de celles et ceux qui ont \u0153uvr\u00e9 au d\u00e9veloppement de notre mobilit\u00e9. Yves et son \u00e9quipe, rassembl\u00e9s dans une commission rallye au sein du Rotary club de Dinant, pr\u00e9parent une version revisit\u00e9e du rallye, plus condens\u00e9e sur le parcours, pour que chacun profite pleinement de sa journ\u00e9e.<\/span><\/p>\n<p align=\"JUSTIFY\">Pour le programme de cette <strong>14\u00e8me \u00e9dition du Rallye des Cop\u00e8res,&nbsp;<\/strong>le kilom\u00e9trage sera limit\u00e9 \u00e0 120 km, les routes recherch\u00e9es seront de bonne qualit\u00e9, praticables tant pour les anc\u00eatres, que pour les v\u00e9hicules d&#8217;exception.&nbsp;<\/p>\n<p align=\"JUSTIFY\">Le d\u00e9part et l&#8217;arriv\u00e9e se feront \u00e0 nouveau depuis le domaine d&#8217;Ach\u00eane. Une pause \u00e0 mi-parcours \u00e0 la Tour du Mill\u00e9naire sur les terres gedinnoises pour faire un peu plus connaissance. Le retour au domaine d&#8217;Ach\u00eane est pr\u00e9vu d\u00e9but d&#8217;apr\u00e8s-midi, de sorte que l&#8217;on puisse prendre le temps d&#8217;un repas sans pression aucune. L&#8217;apr\u00e8s-midi sera propice \u00e0 la visite du plateau des voitures r\u00e9unies dans la grande cour du domaine. Des v\u00e9hicules nouvelle g\u00e9n\u00e9ration, full \u00e9lectrique, seront \u00e9galement pr\u00e9sents.&nbsp;<\/p>\n<p align=\"JUSTIFY\">Les inscriptions seront aussi simplifi\u00e9es.<\/p>\n<ul>\n<li>UN TARIF pour la VOITURE : 60,00\u20ac par v\u00e9hicule<\/li>\n<li>UN TARIF pour le REPAS : 35,00\u20ac par personne<\/li>\n<\/ul>\n<p>Nous allons utiliser une plate-forme de paiement pour le r\u00e8glement.&nbsp; <a href=\"https:\/\/buytickets.at\/rotaryclubdinant\">Ticket Tailor<\/a>. Via un QR Code de confirmation que vous pr\u00e9senterez soit au d\u00e9part, soit au repas, le check-in sera rapide et fiable. Si vous venez avec des enfants, nous proposerons une formule avantageuse pour eux, sur place. Et la gratuit\u00e9 en-dessous d&#8217;un certain \u00e2ge, et peut-\u00eatre des surprises !<\/p>\n<p>Pour les voitures participantes, votre inscription confirm\u00e9e, un mail ou un lien sera envoy\u00e9. Les donn\u00e9es relatives au v\u00e9hicule et les conditions d&#8217;acceptation y appara\u00eetront. Ne pourront participer au rallye que les v\u00e9hicules remplissant toutes les conditions reprises au document (CT, Assurances, Abandon de recours, RGPD, etc &#8230;)<\/p>\n<p>L&#8217;ensemble des b\u00e9n\u00e9fices de la journ\u00e9e sera revers\u00e9 au profit des \u0153uvres sociales soutenues par le club. A titre d&#8217;exemple, l&#8217;action Starter kits d\u00e9crite et d\u00e9velopp\u00e9e via le lien <a href=\"https:\/\/rallyedescoperes.be\/index.php\/beneficiaires\/\">Les B\u00e9n\u00e9ficiaires<\/a> sur ce site. Merci pour votre g\u00e9n\u00e9rosit\u00e9&nbsp;<\/p>\n<p align=\"JUSTIFY\">Pour pimenter le tout, un concours, et de nombreux lots, agr\u00e9menteront la journ\u00e9e.<\/p>\n<p align=\"JUSTIFY\">Les roadbooks seront donn\u00e9s le jour de l&#8217;\u00e9v\u00e9nement en version papier, et disponible sur ce site en version pdf pour les amateurs de tablette.&nbsp;<\/p>\n<p align=\"JUSTIFY\">A tr\u00e8s bient\u00f4t !&nbsp;<\/p>\n<p align=\"JUSTIFY\">Jean-Marc Hardenne, Pr\u00e9sident du Rotary Club de Dinant<\/p>\n<p align=\"JUSTIFY\">Yves Henry de Frahan et la Commission Rallye du Rotary Club de Dinant<\/p>","protected":false},"excerpt":{"rendered":"<p>Le 14\u00e8me rallye des Cop\u00e8res 2024 avec ses NOUVEAUTES&nbsp;! 20 Mai 2024&#8220;Lundi de Pentec\u00f4te&#8221; Cher.e.s Toutes et Tous, Notre quatorzi\u00e8me rallye des Cop\u00e8res sera, une nouvelle fois, un lieu de retrouvailles, de rencontres et de partage autour d&#8217;une m\u00eame passion : l&#8217;automobile. Bien que nous soyons dans une p\u00e9riode de questionnement climatique, nous pensons qu&#8217;il<a class=\"moretag\" href=\"https:\/\/rallyedescoperes.be\/index.php\/infos\/\"><span class=\"screen-reader-text\">En savoir plus surInformations RALLYE<\/span>[&#8230;]<\/a><\/p>\n","protected":false},"author":3,"featured_media":0,"parent":0,"menu_order":0,"comment_status":"closed","ping_status":"closed","template":"","meta":{"ngg_post_thumbnail":0},"_links":{"self":[{"href":"https:\/\/rallyedescoperes.be\/index.php\/wp-json\/wp\/v2\/pages\/70"}],"collection":[{"href":"https:\/\/rallyedescoperes.be\/index.php\/wp-json\/wp\/v2\/pages"}],"about":[{"href":"https:\/\/rallyedescoperes.be\/index.php\/wp-json\/wp\/v2\/types\/page"}],"author":[{"embeddable":true,"href":"https:\/\/rallyedescoperes.be\/index.php\/wp-json\/wp\/v2\/users\/3"}],"replies":[{"embeddable":true,"href":"https:\/\/rallyedescoperes.be\/index.php\/wp-json\/wp\/v2\/comments?post=70"}],"version-history":[{"count":48,"href":"https:\/\/rallyedescoperes.be\/index.php\/wp-json\/wp\/v2\/pages\/70\/revisions"}],"predecessor-version":[{"id":4272,"href":"https:\/\/rallyedescoperes.be\/index.php\/wp-json\/wp\/v2\/pages\/70\/revisions\/4272"}],"wp:attachment":[{"href":"https:\/\/rallyedescoperes.be\/index.php\/wp-json\/wp\/v2\/media?parent=70"}],"curies":[{"name":"wp","href":"https:\/\/api.w.org\/{rel}","templated":true}]}}