{"id":96,"date":"2019-02-11T11:01:48","date_gmt":"2019-02-11T10:01:48","guid":{"rendered":"http:\/\/rallyedescoperes.be\/?page_id=96"},"modified":"2021-12-23T14:28:06","modified_gmt":"2021-12-23T13:28:06","slug":"concours-delegance","status":"publish","type":"page","link":"https:\/\/rallyedescoperes.be\/index.php\/inscription\/concours-delegance\/","title":{"rendered":"Concours d&#8217;\u00e9l\u00e9gance"},"content":{"rendered":"<p>Le concours d\u00e9partagera 40 voitures pr\u00e9-s\u00e9lectionn\u00e9es selon la raret\u00e9 du mod\u00e8le, la qualit\u00e9 de la restauration ou de l&#8217;\u00e9tat de conservation.<\/p>\n<h1><span class=\"cff-form-name-shortcode\">\t<!--noptimize--><script type=\"text\/javascript\">\r\n\t function doValidate_1(form)\r\n\t {\r\n\t\tif(typeof cpcff_validation_rules == 'undefined') cpcff_validation_rules = {};\r\n\t\tif(typeof cpcff_validation_rules['_1'] == 'undefined') cpcff_validation_rules['_1'] = {};\r\n\t\tvar $dexQuery = (fbuilderjQuery) ? fbuilderjQuery : jQuery.noConflict(),\r\n\t\t\t_form = $dexQuery(\"#cp_calculatedfieldsf_pform_1\"),\r\n\t\t\tform_disabled = function(){\r\n\t\t\t\treturn ('undefined' != typeof _form.data('being-submitted'));\r\n\t\t\t},\r\n\t\t\tdisabling_form = function(){\r\n\t\t\t\tif(form_disabled()) return;\r\n\t\t\t\t_form.find('.pbSubmit').addClass('submitbtn-disabled');\r\n\t\t\t\t_form.data('being-submitted',1);\r\n\t\t\t\tvar d = document.createElement('div');\r\n\t\t\t\t$dexQuery(d).addClass('cff-processing-form').appendTo(_form.find('#fbuilder'));\r\n\t\t\t},\r\n\t\t\tenabling_form = function(){\r\n\t\t\t\t_form.removeData('being-submitted');\r\n\t\t\t\t_form.find('.submitbtn-disabled').removeClass('submitbtn-disabled');\r\n\t\t\t\t_form.find('.cff-processing-form').remove();\r\n\t\t\t};\r\n\t\tif(form_disabled()) return false;\r\n\t\tvar\tcpefb_error = !_form.validate().checkForm(),\r\n\t\t\tvalidation_rules = cpcff_validation_rules['_1'],\r\n\t\t\tprocessing_form = function()\r\n\t\t\t{\r\n\t\t\t\t\t\t\t\tfor(var rule in validation_rules)\r\n\t\t\t\t{\r\n\t\t\t\t\tif(!validation_rules[rule]) return;\r\n\t\t\t\t}\r\n\t\t\t\t_form.find(\"[name$='_date']:disabled\").each(function(){\r\n\t\t\t\t\tvar v  \t = $dexQuery(this).val(),\r\n\t\t\t\t\t\tname = $dexQuery(this).attr( 'name' ).replace('_date', ''),\r\n\t\t\t\t\t\te \t = $dexQuery(\"[name='\"+name+\"']\"); if( e.length ){ e.val( $dexQuery.trim( e.val().replace( v, '' ) ) ); }\r\n\t\t\t\t});\r\n\t\t\t\t_form.find(\"select option\").each(function(){\r\n\t\t\t\t\tif( typeof $dexQuery(this).attr(\"vt\") != 'undefined' )\r\n\t\t\t\t\t\t$dexQuery(this).val($dexQuery(this).attr(\"vt\"));\r\n\t\t\t\t});\r\n\t\t\t\t_form.find(\"input:checkbox,input:radio\").each(function(){\r\n\t\t\t\t\tif( typeof $dexQuery(this).attr(\"vt\") != 'undefined' )\r\n\t\t\t\t\t\t$dexQuery(this).val($dexQuery(this).attr(\"vt\"));\r\n\t\t\t\t});\r\n\t\t\t\t_form.find( '.cpcff-recordset' ).remove();\r\n\t\t\t\t_form.find( '.ignore' ).closest( '.fields' ).remove();\r\n\t\t\t\t_form.find('[id^=\"form_structure_\"]').remove();\r\n\t\t\t\tdisabling_form();\r\n\t\t\t\t_form[ 0 ].submit();\r\n\t\t\t};\r\n\t\t_form.find('[name=\"cp_ref_page\"]').value = document.location.href;\r\n\t\tif (cpefb_error==0)\r\n\t\t{\r\n\t\t\t\t\tprocessing_form();\r\n\t\t\t\t}\r\n\t\telse\r\n\t\t{\r\n\t\t\tenabling_form();\r\n\t\t}\r\n\t\treturn false;\r\n\t}\r\n\t<\/script><!--\/noptimize-->\r\n\t<form name=\"cp_calculatedfieldsf_pform_1\" id=\"cp_calculatedfieldsf_pform_1\" action=\"https:\/\/rallyedescoperes.be\/index.php\/inscription\/concours-delegance\/\" method=\"post\" enctype=\"multipart\/form-data\" onsubmit=\"return doValidate_1(this);\" class=\"\">\r\n\t\t\t<input type=\"hidden\" name=\"cp_calculatedfieldsf_pform_psequence\" value=\"_1\" \/><input type=\"hidden\" name=\"cp_calculatedfieldsf_pform_process\" value=\"1\" \/><input type=\"hidden\" name=\"cp_calculatedfieldsf_id\" value=\"7\" \/><input type=\"hidden\" name=\"cp_ref_page\" value=\"https:\/\/rallyedescoperes.be\" \/><pre style=\"display:none;\"><!--noptimize--><script>form_structure_1=[[{\"form_identifier\":\"\",\"name\":\"fieldname3\",\"shortlabel\":\"\",\"index\":0,\"ftype\":\"ftext\",\"userhelp\":\"\",\"userhelpTooltip\":false,\"csslayout\":\"\",\"title\":\"Pr\\u00e9nom du propri\\u00e9taire\",\"predefined\":\"\",\"predefinedClick\":false,\"required\":true,\"readonly\":false,\"size\":\"small\",\"minlength\":\"\",\"maxlength\":\"\",\"equalTo\":\"\",\"regExp\":\"\",\"regExpMssg\":\"\",\"fBuild\":{},\"parent\":\"\"},{\"form_identifier\":\"\",\"name\":\"fieldname4\",\"shortlabel\":\"\",\"index\":1,\"ftype\":\"ftext\",\"userhelp\":\"\",\"userhelpTooltip\":false,\"csslayout\":\"\",\"title\":\"Nom du propri\\u00e9taire\",\"predefined\":\"\",\"predefinedClick\":false,\"required\":true,\"readonly\":false,\"size\":\"small\",\"minlength\":\"\",\"maxlength\":\"\",\"equalTo\":\"\",\"regExp\":\"\",\"regExpMssg\":\"\",\"fBuild\":{},\"parent\":\"\"},{\"form_identifier\":\"\",\"name\":\"fieldname5\",\"shortlabel\":\"\",\"index\":2,\"ftype\":\"ftext\",\"userhelp\":\"nom de la rue ET num\\u00e9ro\",\"userhelpTooltip\":false,\"csslayout\":\"\",\"title\":\"Adresse \",\"predefined\":\"\",\"predefinedClick\":false,\"required\":true,\"readonly\":false,\"size\":\"medium\",\"minlength\":\"\",\"maxlength\":\"\",\"equalTo\":\"\",\"regExp\":\"\",\"regExpMssg\":\"\",\"fBuild\":{},\"parent\":\"\"},{\"form_identifier\":\"\",\"name\":\"fieldname7\",\"shortlabel\":\"\",\"index\":3,\"ftype\":\"fnumber\",\"userhelp\":\"\",\"userhelpTooltip\":false,\"csslayout\":\"\",\"title\":\"Code postal\",\"predefined\":\"\",\"predefinedClick\":false,\"required\":true,\"readonly\":false,\"size\":\"small\",\"thousandSeparator\":\"\",\"decimalSymbol\":\".\",\"min\":\"\",\"max\":\"\",\"formatDynamically\":false,\"dformat\":\"number\",\"formats\":[\"digits\",\"number\"],\"fBuild\":{},\"parent\":\"\"},{\"form_identifier\":\"\",\"name\":\"fieldname8\",\"shortlabel\":\"\",\"index\":4,\"ftype\":\"ftext\",\"userhelp\":\"\",\"userhelpTooltip\":false,\"csslayout\":\"\",\"title\":\"Localit\\u00e9\",\"predefined\":\"\",\"predefinedClick\":false,\"required\":true,\"readonly\":false,\"size\":\"medium\",\"minlength\":\"\",\"maxlength\":\"\",\"equalTo\":\"\",\"regExp\":\"\",\"regExpMssg\":\"\",\"fBuild\":{},\"parent\":\"\"},{\"form_identifier\":\"\",\"name\":\"fieldname18\",\"shortlabel\":\"\",\"index\":5,\"ftype\":\"fnumber\",\"userhelp\":\"sans points, ni barre\",\"userhelpTooltip\":false,\"csslayout\":\"\",\"title\":\"Num\\u00e9ro de GSM \\\/ T\\u00e9l\\u00e9phone mobile\",\"predefined\":\"\",\"predefinedClick\":false,\"required\":false,\"readonly\":false,\"size\":\"small\",\"thousandSeparator\":\"\",\"decimalSymbol\":\".\",\"min\":\"\",\"max\":\"\",\"formatDynamically\":false,\"dformat\":\"number\",\"formats\":[\"digits\",\"number\"],\"fBuild\":{},\"parent\":\"\"},{\"form_identifier\":\"\",\"name\":\"fieldname12\",\"shortlabel\":\"email\",\"index\":6,\"ftype\":\"femail\",\"userhelp\":\"email\",\"userhelpTooltip\":false,\"csslayout\":\"\",\"title\":\"Adresse de courrier \\u00e9lectronique\",\"predefined\":\"\",\"predefinedClick\":false,\"required\":false,\"readonly\":false,\"size\":\"medium\",\"equalTo\":\"\",\"fBuild\":{},\"parent\":\"\"},{\"form_identifier\":\"\",\"name\":\"fieldname9\",\"shortlabel\":\"\",\"index\":7,\"ftype\":\"ftext\",\"userhelp\":\"\",\"userhelpTooltip\":false,\"csslayout\":\"\",\"title\":\"Marque de la voiture\",\"predefined\":\"\",\"predefinedClick\":false,\"required\":true,\"readonly\":false,\"size\":\"medium\",\"minlength\":\"\",\"maxlength\":\"\",\"equalTo\":\"\",\"regExp\":\"\",\"regExpMssg\":\"\",\"fBuild\":{},\"parent\":\"\"},{\"form_identifier\":\"\",\"name\":\"fieldname10\",\"shortlabel\":\"\",\"index\":8,\"ftype\":\"ftext\",\"userhelp\":\"\",\"userhelpTooltip\":false,\"csslayout\":\"\",\"title\":\"Type \\\/ Mod\\u00e8le\",\"predefined\":\"\",\"predefinedClick\":false,\"required\":true,\"readonly\":false,\"size\":\"medium\",\"minlength\":\"\",\"maxlength\":\"\",\"equalTo\":\"\",\"regExp\":\"\",\"regExpMssg\":\"\",\"fBuild\":{},\"parent\":\"\"},{\"form_identifier\":\"\",\"name\":\"fieldname11\",\"shortlabel\":\"\",\"index\":9,\"ftype\":\"fnumber\",\"userhelp\":\"ann\\u00e9e de 1\\u00e8re mise en circulation\",\"userhelpTooltip\":false,\"csslayout\":\"\",\"title\":\"Ann\\u00e9e de 1\\u00e8re mise en circulation\",\"predefined\":\"\",\"predefinedClick\":false,\"required\":true,\"readonly\":false,\"size\":\"small\",\"thousandSeparator\":\"\",\"decimalSymbol\":\".\",\"min\":\"1800\",\"max\":\"2019\",\"formatDynamically\":false,\"dformat\":\"number\",\"formats\":[\"digits\",\"number\"],\"fBuild\":{},\"parent\":\"\"},{\"form_identifier\":\"\",\"name\":\"fieldname19\",\"shortlabel\":\"\",\"index\":10,\"ftype\":\"ftext\",\"userhelp\":\"Num\\u00e9ro de plaque\",\"userhelpTooltip\":false,\"csslayout\":\"\",\"title\":\"Num\\u00e9ro d'immatriculation\",\"predefined\":\"\",\"predefinedClick\":false,\"required\":true,\"readonly\":false,\"size\":\"small\",\"minlength\":\"3\",\"maxlength\":\"\",\"equalTo\":\"\",\"regExp\":\"\",\"regExpMssg\":\"\",\"fBuild\":{},\"parent\":\"\"},{\"form_identifier\":\"\",\"name\":\"fieldname20\",\"shortlabel\":\"\",\"index\":11,\"ftype\":\"ftextarea\",\"userhelp\":\"\",\"userhelpTooltip\":false,\"csslayout\":\"\",\"title\":\"Historique de la voiture\",\"predefined\":\"\",\"predefinedClick\":false,\"required\":true,\"readonly\":false,\"size\":\"medium\",\"minlength\":\"\",\"maxlength\":\"\",\"rows\":4,\"fBuild\":{},\"parent\":\"\"},{\"form_identifier\":\"\",\"name\":\"fieldname21\",\"shortlabel\":\"\",\"index\":12,\"ftype\":\"ftextarea\",\"userhelp\":\"\",\"userhelpTooltip\":false,\"csslayout\":\"\",\"title\":\"Etat de la voiture\",\"predefined\":\"\",\"predefinedClick\":false,\"required\":false,\"readonly\":false,\"size\":\"medium\",\"minlength\":\"\",\"maxlength\":\"\",\"rows\":4,\"fBuild\":{},\"parent\":\"\"},{\"form_identifier\":\"\",\"name\":\"fieldname22\",\"shortlabel\":\"\",\"index\":13,\"ftype\":\"ftextarea\",\"userhelp\":\"\",\"userhelpTooltip\":false,\"csslayout\":\"\",\"title\":\"Qualit\\u00e9 de la restauration\",\"predefined\":\"\",\"predefinedClick\":false,\"required\":false,\"readonly\":false,\"size\":\"medium\",\"minlength\":\"\",\"maxlength\":\"\",\"rows\":4,\"fBuild\":{},\"parent\":\"\"},{\"form_identifier\":\"\",\"name\":\"fieldname23\",\"shortlabel\":\"\",\"index\":14,\"ftype\":\"fnumber\",\"userhelp\":\"\",\"userhelpTooltip\":false,\"csslayout\":\"\",\"title\":\"La participation au Concours d'El\\u00e9gance est GRATUITE\",\"predefined\":\"0\",\"predefinedClick\":false,\"required\":false,\"readonly\":true,\"size\":\"small\",\"thousandSeparator\":\"\",\"decimalSymbol\":\".\",\"min\":\"10\",\"max\":\"10\",\"formatDynamically\":false,\"dformat\":\"digits\",\"formats\":[\"digits\",\"number\"],\"fBuild\":{},\"parent\":\"\"},{\"form_identifier\":\"\",\"name\":\"fieldname16\",\"shortlabel\":\"\",\"index\":15,\"ftype\":\"ftext\",\"userhelp\":\"\",\"userhelpTooltip\":false,\"csslayout\":\"\",\"title\":\"Vous n'avez rien \\u00e0 payer !\\u003Cbr \\\/\\u003EMais un DON au Rotary est toujours possible ! \",\"predefined\":\"BE77 7320 3412 3742   AVANT le 20 AVRIL 2023\",\"predefinedClick\":false,\"required\":false,\"readonly\":false,\"size\":\"medium\",\"minlength\":\"\",\"maxlength\":\"\",\"equalTo\":\"\",\"regExp\":\"\",\"regExpMssg\":\"\",\"fBuild\":{},\"parent\":\"\"}],{\"0\":{\"title\":\"Inscription du concours d'\\u00e9l\\u00e9gance du 13\\u00e8me rallye des Cop\\u00e8res UNIQUEMENT\",\"description\":\"Remplissez ce formulaire si vous voulez participer au concours d'\\u00e9l\\u00e9gance durant votre participation au rallye\",\"formlayout\":\"left_aligned\",\"formtemplate\":\"cp_cff_letter\",\"evalequations\":1,\"evalequationsevent\":2,\"autocomplete\":1,\"persistence\":0,\"customstyles\":\"\",\"request_cost\":\"fieldname3\"},\"formid\":\"cp_calculatedfieldsf_pform_1\",\"setCache\":false,\"cache\":false}];<\/script><!--\/noptimize--><\/pre>\r\n\t\t<div id=\"fbuilder\">\r\n\t\t\t<div id=\"fbuilder_1\">\r\n\t\t\t\t<div id=\"formheader_1\"><\/div>\r\n\t\t\t\t<div id=\"fieldlist_1\"><\/div>\r\n\t\t\t<\/div>\r\n\t\t\t<div id=\"cpcaptchalayer_1\" class=\"cpcaptchalayer\" style=\"display:none;\">\r\n\t\t\t            \t\t\t<div class=\"fields\" id=\"field-c0\" style=\"display:none\">\r\n\t\t\t\t<label>Payment options<\/label>\r\n\t\t\t\t<div class=\"dfield\">\r\n\t\t\t\t \t\t\t\t <!--addons-payment-options-->\r\n    \t\t\t \t\t\t\t<\/div>\r\n\t\t\t\t<div class=\"clearer\"><\/div>\r\n\t\t\t<\/div>\r\n\t\t\t<!--addons-payment-fields-->\r\n\t\t\t\t\t\t<!--add-ons-->\r\n\t\t\t<\/div>\r\n\t\t\t\t\t\t<div id=\"cp_subbtn_1\" class=\"cp_subbtn\" style=\"display:none;\">Envoyer<\/div>\r\n\t\t\t\t\t\t<div class=\"clearer\"><\/div>\r\n\t\t<\/div>\r\n\t    <\/form>\r\n<\/span><\/h1>\n","protected":false},"excerpt":{"rendered":"<p>Le concours d\u00e9partagera 40 voitures pr\u00e9-s\u00e9lectionn\u00e9es selon la raret\u00e9 du mod\u00e8le, la qualit\u00e9 de la restauration ou de l&#8217;\u00e9tat de conservation.<\/p>\n","protected":false},"author":1,"featured_media":0,"parent":77,"menu_order":0,"comment_status":"closed","ping_status":"closed","template":"template-fullwidth.php","meta":{"ngg_post_thumbnail":0},"_links":{"self":[{"href":"https:\/\/rallyedescoperes.be\/index.php\/wp-json\/wp\/v2\/pages\/96"}],"collection":[{"href":"https:\/\/rallyedescoperes.be\/index.php\/wp-json\/wp\/v2\/pages"}],"about":[{"href":"https:\/\/rallyedescoperes.be\/index.php\/wp-json\/wp\/v2\/types\/page"}],"author":[{"embeddable":true,"href":"https:\/\/rallyedescoperes.be\/index.php\/wp-json\/wp\/v2\/users\/1"}],"replies":[{"embeddable":true,"href":"https:\/\/rallyedescoperes.be\/index.php\/wp-json\/wp\/v2\/comments?post=96"}],"version-history":[{"count":9,"href":"https:\/\/rallyedescoperes.be\/index.php\/wp-json\/wp\/v2\/pages\/96\/revisions"}],"predecessor-version":[{"id":483,"href":"https:\/\/rallyedescoperes.be\/index.php\/wp-json\/wp\/v2\/pages\/96\/revisions\/483"}],"up":[{"embeddable":true,"href":"https:\/\/rallyedescoperes.be\/index.php\/wp-json\/wp\/v2\/pages\/77"}],"wp:attachment":[{"href":"https:\/\/rallyedescoperes.be\/index.php\/wp-json\/wp\/v2\/media?parent=96"}],"curies":[{"name":"wp","href":"https:\/\/api.w.org\/{rel}","templated":true}]}}